{"id":2117,"date":"2021-01-07T20:12:05","date_gmt":"2021-01-07T17:12:05","guid":{"rendered":"https:\/\/kmservices.gr\/?page_id=2117"},"modified":"2023-07-26T15:45:35","modified_gmt":"2023-07-26T12:45:35","slug":"bilgilendirme","status":"publish","type":"page","link":"https:\/\/kmservices.gr\/tr\/bilgilendirme\/","title":{"rendered":"Bilgilendirme"},"content":{"rendered":"\t\t<div data-elementor-type=\"wp-page\" data-elementor-id=\"2117\" class=\"elementor elementor-2117 elementor-394\" data-elementor-post-type=\"page\">\n\t\t\t\t\t\t<section class=\"elementor-section elementor-top-section elementor-element elementor-element-d842806 elementor-section-stretched elementor-section-content-middle elementor-section-full_width elementor-section-height-min-height elementor-section-items-top elementor-section-height-default\" data-id=\"d842806\" data-element_type=\"section\" data-settings=\"{&quot;stretch_section&quot;:&quot;section-stretched&quot;}\">\n\t\t\t\t\t\t<div class=\"elementor-container elementor-column-gap-wider\">\n\t\t\t\t\t<div class=\"elementor-column elementor-col-50 elementor-top-column elementor-element elementor-element-d433a60\" data-id=\"d433a60\" data-element_type=\"column\">\n\t\t\t<div class=\"elementor-widget-wrap elementor-element-populated\">\n\t\t\t\t\t\t<div class=\"elementor-element elementor-element-ac92797 elementor-widget elementor-widget-text-editor\" data-id=\"ac92797\" data-element_type=\"widget\" data-widget_type=\"text-editor.default\">\n\t\t\t\t<div class=\"elementor-widget-container\">\n\t\t\t<style>\/*! elementor - v3.23.0 - 23-07-2024 *\/\n.elementor-widget-text-editor.elementor-drop-cap-view-stacked .elementor-drop-cap{background-color:#69727d;color:#fff}.elementor-widget-text-editor.elementor-drop-cap-view-framed .elementor-drop-cap{color:#69727d;border:3px solid;background-color:transparent}.elementor-widget-text-editor:not(.elementor-drop-cap-view-default) .elementor-drop-cap{margin-top:8px}.elementor-widget-text-editor:not(.elementor-drop-cap-view-default) .elementor-drop-cap-letter{width:1em;height:1em}.elementor-widget-text-editor .elementor-drop-cap{float:left;text-align:center;line-height:1;font-size:50px}.elementor-widget-text-editor .elementor-drop-cap-letter{display:inline-block}<\/style>\t\t\t\t<h1><b><span lang=\"TR\">Bilgilendirme<\/span><\/b><\/h1>\t\t\t\t\t\t<\/div>\n\t\t\t\t<\/div>\n\t\t\t\t<div class=\"elementor-element elementor-element-06bd735 elementor-widget elementor-widget-text-editor\" data-id=\"06bd735\" data-element_type=\"widget\" data-widget_type=\"text-editor.default\">\n\t\t\t\t<div class=\"elementor-widget-container\">\n\t\t\t\t\t\t\t<p>En son haberlerle g\u00fcncel kal\u0131n.<\/p>\t\t\t\t\t\t<\/div>\n\t\t\t\t<\/div>\n\t\t\t\t\t<\/div>\n\t\t<\/div>\n\t\t\t\t<div class=\"elementor-column elementor-col-50 elementor-top-column elementor-element elementor-element-b0dee9f\" data-id=\"b0dee9f\" data-element_type=\"column\">\n\t\t\t<div class=\"elementor-widget-wrap elementor-element-populated\">\n\t\t\t\t\t\t<section class=\"elementor-section elementor-inner-section elementor-element elementor-element-c8abe2d elementor-section-height-min-height elementor-section-boxed elementor-section-height-default\" data-id=\"c8abe2d\" data-element_type=\"section\">\n\t\t\t\t\t\t<div class=\"elementor-container elementor-column-gap-default\">\n\t\t\t\t\t<div class=\"elementor-column elementor-col-100 elementor-inner-column elementor-element elementor-element-0b023c6\" data-id=\"0b023c6\" data-element_type=\"column\">\n\t\t\t<div class=\"elementor-widget-wrap elementor-element-populated\">\n\t\t\t\t\t\t<div class=\"elementor-element elementor-element-5659ede elementor-widget elementor-widget-image\" data-id=\"5659ede\" data-element_type=\"widget\" data-widget_type=\"image.default\">\n\t\t\t\t<div class=\"elementor-widget-container\">\n\t\t\t<style>\/*! elementor - v3.23.0 - 23-07-2024 *\/\n.elementor-widget-image{text-align:center}.elementor-widget-image a{display:inline-block}.elementor-widget-image a img[src$=\".svg\"]{width:48px}.elementor-widget-image img{vertical-align:middle;display:inline-block}<\/style>\t\t\t\t\t\t\t\t\t\t<img fetchpriority=\"high\" decoding=\"async\" width=\"960\" height=\"854\" src=\"https:\/\/kmservices.gr\/wp-content\/uploads\/2020\/12\/news.jpg\" class=\"attachment-large size-large wp-image-1740\" alt=\"\" srcset=\"https:\/\/kmservices.gr\/wp-content\/uploads\/2020\/12\/news.jpg 960w, https:\/\/kmservices.gr\/wp-content\/uploads\/2020\/12\/news-300x267.jpg 300w, https:\/\/kmservices.gr\/wp-content\/uploads\/2020\/12\/news-768x683.jpg 768w, https:\/\/kmservices.gr\/wp-content\/uploads\/2020\/12\/news-164x146.jpg 164w, https:\/\/kmservices.gr\/wp-content\/uploads\/2020\/12\/news-50x44.jpg 50w, https:\/\/kmservices.gr\/wp-content\/uploads\/2020\/12\/news-84x75.jpg 84w\" sizes=\"(max-width:767px) 480px, (max-width:960px) 100vw, 960px\" \/>\t\t\t\t\t\t\t\t\t\t\t\t\t<\/div>\n\t\t\t\t<\/div>\n\t\t\t\t\t<\/div>\n\t\t<\/div>\n\t\t\t\t\t<\/div>\n\t\t<\/section>\n\t\t\t\t\t<\/div>\n\t\t<\/div>\n\t\t\t\t\t<\/div>\n\t\t<\/section>\n\t\t\t\t<section class=\"elementor-section elementor-top-section elementor-element elementor-element-7b0099e elementor-section-boxed elementor-section-height-default elementor-section-height-default\" data-id=\"7b0099e\" data-element_type=\"section\">\n\t\t\t\t\t\t<div class=\"elementor-container elementor-column-gap-default\">\n\t\t\t\t\t<div class=\"elementor-column elementor-col-100 elementor-top-column elementor-element elementor-element-8bcf6ea\" data-id=\"8bcf6ea\" data-element_type=\"column\">\n\t\t\t<div class=\"elementor-widget-wrap elementor-element-populated\">\n\t\t\t\t\t\t<div class=\"elementor-element elementor-element-4f167f6 elementor-widget elementor-widget-mfn_blog\" data-id=\"4f167f6\" data-element_type=\"widget\" data-widget_type=\"mfn_blog.default\">\n\t\t\t\t<div class=\"elementor-widget-container\">\n\t\t\t<div class=\"column_filters\"><div class=\"blog_wrapper isotope_wrapper clearfix\"><div class=\"posts_group lm_wrapper col- timeline\"><\/div><\/div>\n<\/div>\n\t\t<\/div>\n\t\t\t\t<\/div>\n\t\t\t\t\t<\/div>\n\t\t<\/div>\n\t\t\t\t\t<\/div>\n\t\t<\/section>\n\t\t\t\t<section class=\"elementor-section elementor-top-section elementor-element elementor-element-0d0f198 elementor-section-stretched elementor-section-boxed elementor-section-height-default elementor-section-height-default\" data-id=\"0d0f198\" data-element_type=\"section\" data-settings=\"{&quot;stretch_section&quot;:&quot;section-stretched&quot;,&quot;background_background&quot;:&quot;classic&quot;}\">\n\t\t\t\t\t\t<div class=\"elementor-container elementor-column-gap-no\">\n\t\t\t\t\t<div class=\"elementor-column elementor-col-100 elementor-top-column elementor-element elementor-element-e4b1731\" data-id=\"e4b1731\" data-element_type=\"column\" data-settings=\"{&quot;background_background&quot;:&quot;gradient&quot;}\">\n\t\t\t<div class=\"elementor-widget-wrap elementor-element-populated\">\n\t\t\t\t\t\t<section class=\"elementor-section elementor-inner-section elementor-element elementor-element-9f1b30c elementor-section-content-middle elementor-section-boxed elementor-section-height-default elementor-section-height-default\" data-id=\"9f1b30c\" data-element_type=\"section\" data-settings=\"{&quot;background_background&quot;:&quot;classic&quot;}\">\n\t\t\t\t\t\t<div class=\"elementor-container elementor-column-gap-default\">\n\t\t\t\t\t<div class=\"elementor-column elementor-col-100 elementor-inner-column elementor-element elementor-element-4738fd1\" data-id=\"4738fd1\" data-element_type=\"column\">\n\t\t\t<div class=\"elementor-widget-wrap elementor-element-populated\">\n\t\t\t\t\t\t<div class=\"elementor-element elementor-element-4da6725 contact-banner elementor-widget elementor-widget-heading\" data-id=\"4da6725\" data-element_type=\"widget\" data-widget_type=\"heading.default\">\n\t\t\t\t<div class=\"elementor-widget-container\">\n\t\t\t<style>\/*! elementor - v3.23.0 - 23-07-2024 *\/\n.elementor-heading-title{padding:0;margin:0;line-height:1}.elementor-widget-heading .elementor-heading-title[class*=elementor-size-]>a{color:inherit;font-size:inherit;line-height:inherit}.elementor-widget-heading .elementor-heading-title.elementor-size-small{font-size:15px}.elementor-widget-heading .elementor-heading-title.elementor-size-medium{font-size:19px}.elementor-widget-heading .elementor-heading-title.elementor-size-large{font-size:29px}.elementor-widget-heading .elementor-heading-title.elementor-size-xl{font-size:39px}.elementor-widget-heading .elementor-heading-title.elementor-size-xxl{font-size:59px}<\/style><h2 class=\"elementor-heading-title elementor-size-default\">Daha fazla bilgi veya a\u00e7\u0131klama i\u00e7in bizimle ileti\u015fime ge\u00e7mekten \u00e7ekinmeyin. <\/h2>\t\t<\/div>\n\t\t\t\t<\/div>\n\t\t\t\t<div class=\"elementor-element elementor-element-950d237 elementor-align-center elementor-mobile-align-left elementor-tablet-align-left elementor-widget elementor-widget-button\" data-id=\"950d237\" data-element_type=\"widget\" data-widget_type=\"button.default\">\n\t\t\t\t<div class=\"elementor-widget-container\">\n\t\t\t\t\t<div class=\"elementor-button-wrapper\">\n\t\t\t<a class=\"elementor-button elementor-button-link elementor-size-xs\" href=\"\/tr\/iletisim\/\">\n\t\t\t\t\t\t<span class=\"elementor-button-content-wrapper\">\n\t\t\t\t\t\t\t\t\t<span class=\"elementor-button-text\">\u0130leti\u015fim<\/span>\n\t\t\t\t\t<\/span>\n\t\t\t\t\t<\/a>\n\t\t<\/div>\n\t\t\t\t<\/div>\n\t\t\t\t<\/div>\n\t\t\t\t\t<\/div>\n\t\t<\/div>\n\t\t\t\t\t<\/div>\n\t\t<\/section>\n\t\t\t\t\t<\/div>\n\t\t<\/div>\n\t\t\t\t\t<\/div>\n\t\t<\/section>\n\t\t\t\t<\/div>\n\t\t","protected":false},"excerpt":{"rendered":"<p>Bilgilendirme En son haberlerle g\u00fcncel kal\u0131n. 13 \u039c\u03b1\u0390\u03bf\u03c5 2023 13 \u039c\u03b1\u0390\u03bf\u03c5 2023 \u0395\u039e\u039f\u0399\u039a\u039f\u039d\u039f\u039c\u03a9 &#8211; \u0391\u039d\u0391\u039a\u0391\u0399\u039d\u0399\u0396\u03a9 \u0393\u0399\u0391 \u039d\u0395\u039f\u03a5\u03a3 \u0394\u03b7\u03bc\u03bf\u03c3\u03b9\u03b5\u03cd\u03b8\u03b7\u03ba\u03b5 \u03c3\u03b5 \u03a6\u0395\u039a \u03b7&nbsp;\u03a0\u03c1\u03bf\u03ba\u03ae\u03c1\u03c5\u03be\u03b7 \u03c4\u03bf\u03c5 \u03a0\u03c1\u03bf\u03b3\u03c1\u03ac\u03bc\u03bc\u03b1\u03c4\u03bf\u03c2 \u00ab\u0395\u03be\u03bf\u03b9\u03ba\u03bf\u03bd\u03bf\u03bc\u03ce &#8211; \u0391\u03bd\u03b1\u03ba\u03b1\u03b9\u03bd\u03af\u03b6\u03c9<span class=\"excerpt-hellip\"> [\u2026]<\/span><\/p>\n","protected":false},"author":1,"featured_media":0,"parent":0,"menu_order":0,"comment_status":"closed","ping_status":"closed","template":"","meta":{"footnotes":""},"class_list":["post-2117","page","type-page","status-publish","hentry"],"yoast_head":"<!-- This site is optimized with the Yoast SEO plugin v24.1 - https:\/\/yoast.com\/wordpress\/plugins\/seo\/ -->\n<title>Bilgilendirme - KM Services<\/title>\n<meta name=\"description\" content=\"En son muhasebe haberleri ve trendleri ile g\u00fcncel kal\u0131n. Haber ak\u0131\u015f\u0131m\u0131z\u0131 ve blog g\u00fcncellemelerimizi takip edin\" \/>\n<meta name=\"robots\" content=\"index, follow, max-snippet:-1, max-image-preview:large, max-video-preview:-1\" \/>\n<link rel=\"canonical\" href=\"https:\/\/kmservices.gr\/tr\/bilgilendirme\/\" \/>\n<meta property=\"og:locale\" content=\"tr_TR\" \/>\n<meta property=\"og:type\" content=\"article\" \/>\n<meta property=\"og:title\" content=\"Bilgilendirme - KM Services\" \/>\n<meta property=\"og:description\" content=\"En son muhasebe haberleri ve trendleri ile g\u00fcncel kal\u0131n. Haber ak\u0131\u015f\u0131m\u0131z\u0131 ve blog g\u00fcncellemelerimizi takip edin\" \/>\n<meta property=\"og:url\" content=\"https:\/\/kmservices.gr\/tr\/bilgilendirme\/\" \/>\n<meta property=\"og:site_name\" content=\"KM Services\" \/>\n<meta property=\"article:publisher\" content=\"https:\/\/www.facebook.com\/KMServicesAccountingConsulting\/\" \/>\n<meta property=\"article:modified_time\" content=\"2023-07-26T12:45:35+00:00\" \/>\n<meta property=\"og:image\" content=\"https:\/\/kmservices.gr\/wp-content\/uploads\/2023\/02\/Opengraph-Twittercard-Image.png\" \/>\n\t<meta property=\"og:image:width\" content=\"1209\" \/>\n\t<meta property=\"og:image:height\" content=\"598\" \/>\n\t<meta property=\"og:image:type\" content=\"image\/png\" \/>\n<meta name=\"twitter:card\" content=\"summary_large_image\" \/>\n<meta name=\"twitter:title\" content=\"Bilgilendirme - KM Services\" \/>\n<meta name=\"twitter:description\" content=\"En son muhasebe haberleri ve trendleri ile g\u00fcncel kal\u0131n. Haber ak\u0131\u015f\u0131m\u0131z\u0131 ve blog g\u00fcncellemelerimizi takip edin\" \/>\n<meta name=\"twitter:image\" content=\"https:\/\/kmservices.gr\/wp-content\/uploads\/2023\/02\/Opengraph-Twittercard-Image.png\" \/>\n<meta name=\"twitter:site\" content=\"@kmservicesgr\" \/>\n<meta name=\"twitter:label1\" content=\"Tahmini okuma s\u00fcresi\" \/>\n\t<meta name=\"twitter:data1\" content=\"1 dakika\" \/>\n<script type=\"application\/ld+json\" class=\"yoast-schema-graph\">{\"@context\":\"https:\/\/schema.org\",\"@graph\":[{\"@type\":\"WebPage\",\"@id\":\"https:\/\/kmservices.gr\/tr\/bilgilendirme\/\",\"url\":\"https:\/\/kmservices.gr\/tr\/bilgilendirme\/\",\"name\":\"Bilgilendirme - KM Services\",\"isPartOf\":{\"@id\":\"https:\/\/kmservices.gr\/tr\/#website\"},\"primaryImageOfPage\":{\"@id\":\"https:\/\/kmservices.gr\/tr\/bilgilendirme\/#primaryimage\"},\"image\":{\"@id\":\"https:\/\/kmservices.gr\/tr\/bilgilendirme\/#primaryimage\"},\"thumbnailUrl\":\"https:\/\/kmservices.gr\/wp-content\/uploads\/2020\/12\/news.jpg\",\"datePublished\":\"2021-01-07T17:12:05+00:00\",\"dateModified\":\"2023-07-26T12:45:35+00:00\",\"description\":\"En son muhasebe haberleri ve trendleri ile g\u00fcncel kal\u0131n. Haber ak\u0131\u015f\u0131m\u0131z\u0131 ve blog g\u00fcncellemelerimizi takip edin\",\"breadcrumb\":{\"@id\":\"https:\/\/kmservices.gr\/tr\/bilgilendirme\/#breadcrumb\"},\"inLanguage\":\"tr\",\"potentialAction\":[{\"@type\":\"ReadAction\",\"target\":[\"https:\/\/kmservices.gr\/tr\/bilgilendirme\/\"]}]},{\"@type\":\"ImageObject\",\"inLanguage\":\"tr\",\"@id\":\"https:\/\/kmservices.gr\/tr\/bilgilendirme\/#primaryimage\",\"url\":\"https:\/\/kmservices.gr\/wp-content\/uploads\/2020\/12\/news.jpg\",\"contentUrl\":\"https:\/\/kmservices.gr\/wp-content\/uploads\/2020\/12\/news.jpg\"},{\"@type\":\"BreadcrumbList\",\"@id\":\"https:\/\/kmservices.gr\/tr\/bilgilendirme\/#breadcrumb\",\"itemListElement\":[{\"@type\":\"ListItem\",\"position\":1,\"name\":\"\u0391\u03c1\u03c7\u03b9\u03ba\u03ae\",\"item\":\"https:\/\/kmservices.gr\/tr\/\"},{\"@type\":\"ListItem\",\"position\":2,\"name\":\"Bilgilendirme\"}]},{\"@type\":\"WebSite\",\"@id\":\"https:\/\/kmservices.gr\/tr\/#website\",\"url\":\"https:\/\/kmservices.gr\/tr\/\",\"name\":\"KM Services Accounting & Consulting\",\"description\":\"Accounting &amp; Consulting Services\",\"publisher\":{\"@id\":\"https:\/\/kmservices.gr\/tr\/#organization\"},\"potentialAction\":[{\"@type\":\"SearchAction\",\"target\":{\"@type\":\"EntryPoint\",\"urlTemplate\":\"https:\/\/kmservices.gr\/tr\/?s={search_term_string}\"},\"query-input\":{\"@type\":\"PropertyValueSpecification\",\"valueRequired\":true,\"valueName\":\"search_term_string\"}}],\"inLanguage\":\"tr\"},{\"@type\":\"Organization\",\"@id\":\"https:\/\/kmservices.gr\/tr\/#organization\",\"name\":\"KM Services Accounting & Consulting\",\"url\":\"https:\/\/kmservices.gr\/tr\/\",\"logo\":{\"@type\":\"ImageObject\",\"inLanguage\":\"tr\",\"@id\":\"https:\/\/kmservices.gr\/tr\/#\/schema\/logo\/image\/\",\"url\":\"https:\/\/kmservices.gr\/wp-content\/uploads\/2023\/04\/footer-logo.png\",\"contentUrl\":\"https:\/\/kmservices.gr\/wp-content\/uploads\/2023\/04\/footer-logo.png\",\"width\":1380,\"height\":694,\"caption\":\"KM Services Accounting & Consulting\"},\"image\":{\"@id\":\"https:\/\/kmservices.gr\/tr\/#\/schema\/logo\/image\/\"},\"sameAs\":[\"https:\/\/www.facebook.com\/KMServicesAccountingConsulting\/\",\"https:\/\/x.com\/kmservicesgr\",\"https:\/\/www.instagram.com\/kmservicesaccounting\/\",\"https:\/\/www.linkedin.com\/company\/km-services-accounting-&amp;-consulting\/\"]}]}<\/script>\n<!-- \/ Yoast SEO plugin. -->","yoast_head_json":{"title":"Bilgilendirme - KM Services","description":"En son muhasebe haberleri ve trendleri ile g\u00fcncel kal\u0131n. Haber ak\u0131\u015f\u0131m\u0131z\u0131 ve blog g\u00fcncellemelerimizi takip edin","robots":{"index":"index","follow":"follow","max-snippet":"max-snippet:-1","max-image-preview":"max-image-preview:large","max-video-preview":"max-video-preview:-1"},"canonical":"https:\/\/kmservices.gr\/tr\/bilgilendirme\/","og_locale":"tr_TR","og_type":"article","og_title":"Bilgilendirme - KM Services","og_description":"En son muhasebe haberleri ve trendleri ile g\u00fcncel kal\u0131n. Haber ak\u0131\u015f\u0131m\u0131z\u0131 ve blog g\u00fcncellemelerimizi takip edin","og_url":"https:\/\/kmservices.gr\/tr\/bilgilendirme\/","og_site_name":"KM Services","article_publisher":"https:\/\/www.facebook.com\/KMServicesAccountingConsulting\/","article_modified_time":"2023-07-26T12:45:35+00:00","og_image":[{"width":1209,"height":598,"url":"https:\/\/kmservices.gr\/wp-content\/uploads\/2023\/02\/Opengraph-Twittercard-Image.png","type":"image\/png"}],"twitter_card":"summary_large_image","twitter_title":"Bilgilendirme - KM Services","twitter_description":"En son muhasebe haberleri ve trendleri ile g\u00fcncel kal\u0131n. Haber ak\u0131\u015f\u0131m\u0131z\u0131 ve blog g\u00fcncellemelerimizi takip edin","twitter_image":"https:\/\/kmservices.gr\/wp-content\/uploads\/2023\/02\/Opengraph-Twittercard-Image.png","twitter_site":"@kmservicesgr","twitter_misc":{"Tahmini okuma s\u00fcresi":"1 dakika"},"schema":{"@context":"https:\/\/schema.org","@graph":[{"@type":"WebPage","@id":"https:\/\/kmservices.gr\/tr\/bilgilendirme\/","url":"https:\/\/kmservices.gr\/tr\/bilgilendirme\/","name":"Bilgilendirme - KM Services","isPartOf":{"@id":"https:\/\/kmservices.gr\/tr\/#website"},"primaryImageOfPage":{"@id":"https:\/\/kmservices.gr\/tr\/bilgilendirme\/#primaryimage"},"image":{"@id":"https:\/\/kmservices.gr\/tr\/bilgilendirme\/#primaryimage"},"thumbnailUrl":"https:\/\/kmservices.gr\/wp-content\/uploads\/2020\/12\/news.jpg","datePublished":"2021-01-07T17:12:05+00:00","dateModified":"2023-07-26T12:45:35+00:00","description":"En son muhasebe haberleri ve trendleri ile g\u00fcncel kal\u0131n. Haber ak\u0131\u015f\u0131m\u0131z\u0131 ve blog g\u00fcncellemelerimizi takip edin","breadcrumb":{"@id":"https:\/\/kmservices.gr\/tr\/bilgilendirme\/#breadcrumb"},"inLanguage":"tr","potentialAction":[{"@type":"ReadAction","target":["https:\/\/kmservices.gr\/tr\/bilgilendirme\/"]}]},{"@type":"ImageObject","inLanguage":"tr","@id":"https:\/\/kmservices.gr\/tr\/bilgilendirme\/#primaryimage","url":"https:\/\/kmservices.gr\/wp-content\/uploads\/2020\/12\/news.jpg","contentUrl":"https:\/\/kmservices.gr\/wp-content\/uploads\/2020\/12\/news.jpg"},{"@type":"BreadcrumbList","@id":"https:\/\/kmservices.gr\/tr\/bilgilendirme\/#breadcrumb","itemListElement":[{"@type":"ListItem","position":1,"name":"\u0391\u03c1\u03c7\u03b9\u03ba\u03ae","item":"https:\/\/kmservices.gr\/tr\/"},{"@type":"ListItem","position":2,"name":"Bilgilendirme"}]},{"@type":"WebSite","@id":"https:\/\/kmservices.gr\/tr\/#website","url":"https:\/\/kmservices.gr\/tr\/","name":"KM Services Accounting & Consulting","description":"Accounting &amp; Consulting Services","publisher":{"@id":"https:\/\/kmservices.gr\/tr\/#organization"},"potentialAction":[{"@type":"SearchAction","target":{"@type":"EntryPoint","urlTemplate":"https:\/\/kmservices.gr\/tr\/?s={search_term_string}"},"query-input":{"@type":"PropertyValueSpecification","valueRequired":true,"valueName":"search_term_string"}}],"inLanguage":"tr"},{"@type":"Organization","@id":"https:\/\/kmservices.gr\/tr\/#organization","name":"KM Services Accounting & Consulting","url":"https:\/\/kmservices.gr\/tr\/","logo":{"@type":"ImageObject","inLanguage":"tr","@id":"https:\/\/kmservices.gr\/tr\/#\/schema\/logo\/image\/","url":"https:\/\/kmservices.gr\/wp-content\/uploads\/2023\/04\/footer-logo.png","contentUrl":"https:\/\/kmservices.gr\/wp-content\/uploads\/2023\/04\/footer-logo.png","width":1380,"height":694,"caption":"KM Services Accounting & Consulting"},"image":{"@id":"https:\/\/kmservices.gr\/tr\/#\/schema\/logo\/image\/"},"sameAs":["https:\/\/www.facebook.com\/KMServicesAccountingConsulting\/","https:\/\/x.com\/kmservicesgr","https:\/\/www.instagram.com\/kmservicesaccounting\/","https:\/\/www.linkedin.com\/company\/km-services-accounting-&amp;-consulting\/"]}]}},"_links":{"self":[{"href":"https:\/\/kmservices.gr\/tr\/wp-json\/wp\/v2\/pages\/2117"}],"collection":[{"href":"https:\/\/kmservices.gr\/tr\/wp-json\/wp\/v2\/pages"}],"about":[{"href":"https:\/\/kmservices.gr\/tr\/wp-json\/wp\/v2\/types\/page"}],"author":[{"embeddable":true,"href":"https:\/\/kmservices.gr\/tr\/wp-json\/wp\/v2\/users\/1"}],"replies":[{"embeddable":true,"href":"https:\/\/kmservices.gr\/tr\/wp-json\/wp\/v2\/comments?post=2117"}],"version-history":[{"count":0,"href":"https:\/\/kmservices.gr\/tr\/wp-json\/wp\/v2\/pages\/2117\/revisions"}],"wp:attachment":[{"href":"https:\/\/kmservices.gr\/tr\/wp-json\/wp\/v2\/media?parent=2117"}],"curies":[{"name":"wp","href":"https:\/\/api.w.org\/{rel}","templated":true}]}}