{"id":2075,"date":"2021-01-07T19:46:55","date_gmt":"2021-01-07T16:46:55","guid":{"rendered":"https:\/\/kmservices.gr\/?page_id=2075"},"modified":"2023-04-06T14:29:06","modified_gmt":"2023-04-06T11:29:06","slug":"basit-ve-cifte-kayit-defter-tutma","status":"publish","type":"page","link":"https:\/\/kmservices.gr\/tr\/hizmettler\/is-sahipleri-icin\/basit-ve-cifte-kayit-defter-tutma\/","title":{"rendered":"Basit ve \u00c7ifte Kay\u0131t Defter Tutma"},"content":{"rendered":"\t\t<div data-elementor-type=\"wp-page\" data-elementor-id=\"2075\" class=\"elementor elementor-2075 elementor-640\" data-elementor-post-type=\"page\">\n\t\t\t\t\t\t<section class=\"elementor-section elementor-top-section elementor-element elementor-element-8c9f6a3 elementor-section-stretched elementor-section-content-middle elementor-section-full_width elementor-section-height-min-height elementor-section-height-default elementor-section-items-middle\" data-id=\"8c9f6a3\" data-element_type=\"section\" data-settings=\"{&quot;stretch_section&quot;:&quot;section-stretched&quot;}\">\n\t\t\t\t\t\t<div class=\"elementor-container elementor-column-gap-wider\">\n\t\t\t\t\t<div class=\"elementor-column elementor-col-100 elementor-top-column elementor-element elementor-element-2ebb38f\" data-id=\"2ebb38f\" data-element_type=\"column\">\n\t\t\t<div class=\"elementor-widget-wrap elementor-element-populated\">\n\t\t\t\t\t\t<section class=\"elementor-section elementor-inner-section elementor-element elementor-element-c9a52af elementor-section-boxed elementor-section-height-default elementor-section-height-default\" data-id=\"c9a52af\" data-element_type=\"section\">\n\t\t\t\t\t\t<div class=\"elementor-container elementor-column-gap-default\">\n\t\t\t\t\t<div class=\"elementor-column elementor-col-100 elementor-inner-column elementor-element elementor-element-14fcaa1\" data-id=\"14fcaa1\" data-element_type=\"column\">\n\t\t\t<div class=\"elementor-widget-wrap elementor-element-populated\">\n\t\t\t\t\t\t<div class=\"elementor-element elementor-element-d061f3d elementor-widget elementor-widget-text-editor\" data-id=\"d061f3d\" data-element_type=\"widget\" data-widget_type=\"text-editor.default\">\n\t\t\t\t<div class=\"elementor-widget-container\">\n\t\t\t<style>\/*! elementor - v3.23.0 - 23-07-2024 *\/\n.elementor-widget-text-editor.elementor-drop-cap-view-stacked .elementor-drop-cap{background-color:#69727d;color:#fff}.elementor-widget-text-editor.elementor-drop-cap-view-framed .elementor-drop-cap{color:#69727d;border:3px solid;background-color:transparent}.elementor-widget-text-editor:not(.elementor-drop-cap-view-default) .elementor-drop-cap{margin-top:8px}.elementor-widget-text-editor:not(.elementor-drop-cap-view-default) .elementor-drop-cap-letter{width:1em;height:1em}.elementor-widget-text-editor .elementor-drop-cap{float:left;text-align:center;line-height:1;font-size:50px}.elementor-widget-text-editor .elementor-drop-cap-letter{display:inline-block}<\/style>\t\t\t\t<h1>Basit ve \u00c7ifte Kay\u0131t Defter Tutma<\/h1>\t\t\t\t\t\t<\/div>\n\t\t\t\t<\/div>\n\t\t\t\t\t<\/div>\n\t\t<\/div>\n\t\t\t\t\t<\/div>\n\t\t<\/section>\n\t\t\t\t\t<\/div>\n\t\t<\/div>\n\t\t\t\t\t<\/div>\n\t\t<\/section>\n\t\t\t\t<section class=\"elementor-section elementor-top-section elementor-element elementor-element-54e982b elementor-section-stretched elementor-section-boxed elementor-section-height-default elementor-section-height-default\" data-id=\"54e982b\" data-element_type=\"section\" data-settings=\"{&quot;stretch_section&quot;:&quot;section-stretched&quot;,&quot;background_background&quot;:&quot;classic&quot;}\">\n\t\t\t\t\t\t<div class=\"elementor-container elementor-column-gap-wider\">\n\t\t\t\t\t<div class=\"elementor-column elementor-col-100 elementor-top-column elementor-element elementor-element-10e9c62\" data-id=\"10e9c62\" data-element_type=\"column\">\n\t\t\t<div class=\"elementor-widget-wrap elementor-element-populated\">\n\t\t\t\t\t\t<section class=\"elementor-section elementor-inner-section elementor-element elementor-element-8379df4 elementor-section-boxed elementor-section-height-default elementor-section-height-default\" data-id=\"8379df4\" data-element_type=\"section\">\n\t\t\t\t\t\t<div class=\"elementor-container elementor-column-gap-default\">\n\t\t\t\t\t<div class=\"elementor-column elementor-col-100 elementor-inner-column elementor-element elementor-element-8814c4c\" data-id=\"8814c4c\" data-element_type=\"column\">\n\t\t\t<div class=\"elementor-widget-wrap elementor-element-populated\">\n\t\t\t\t\t\t<div class=\"elementor-element elementor-element-0d54631 elementor-widget elementor-widget-image\" data-id=\"0d54631\" data-element_type=\"widget\" data-widget_type=\"image.default\">\n\t\t\t\t<div class=\"elementor-widget-container\">\n\t\t\t<style>\/*! elementor - v3.23.0 - 23-07-2024 *\/\n.elementor-widget-image{text-align:center}.elementor-widget-image a{display:inline-block}.elementor-widget-image a img[src$=\".svg\"]{width:48px}.elementor-widget-image img{vertical-align:middle;display:inline-block}<\/style>\t\t\t\t\t\t\t\t\t\t<img decoding=\"async\" width=\"31\" height=\"46\" src=\"https:\/\/kmservices.gr\/wp-content\/uploads\/2020\/05\/finance2-pic1.png\" class=\"attachment-large size-large wp-image-175\" alt=\"\" \/>\t\t\t\t\t\t\t\t\t\t\t\t\t<\/div>\n\t\t\t\t<\/div>\n\t\t\t\t<div class=\"elementor-element elementor-element-15fb81d elementor-widget elementor-widget-spacer\" data-id=\"15fb81d\" data-element_type=\"widget\" data-widget_type=\"spacer.default\">\n\t\t\t\t<div class=\"elementor-widget-container\">\n\t\t\t<style>\/*! elementor - v3.23.0 - 23-07-2024 *\/\n.elementor-column .elementor-spacer-inner{height:var(--spacer-size)}.e-con{--container-widget-width:100%}.e-con-inner>.elementor-widget-spacer,.e-con>.elementor-widget-spacer{width:var(--container-widget-width,var(--spacer-size));--align-self:var(--container-widget-align-self,initial);--flex-shrink:0}.e-con-inner>.elementor-widget-spacer>.elementor-widget-container,.e-con>.elementor-widget-spacer>.elementor-widget-container{height:100%;width:100%}.e-con-inner>.elementor-widget-spacer>.elementor-widget-container>.elementor-spacer,.e-con>.elementor-widget-spacer>.elementor-widget-container>.elementor-spacer{height:100%}.e-con-inner>.elementor-widget-spacer>.elementor-widget-container>.elementor-spacer>.elementor-spacer-inner,.e-con>.elementor-widget-spacer>.elementor-widget-container>.elementor-spacer>.elementor-spacer-inner{height:var(--container-widget-height,var(--spacer-size))}.e-con-inner>.elementor-widget-spacer.elementor-widget-empty,.e-con>.elementor-widget-spacer.elementor-widget-empty{position:relative;min-height:22px;min-width:22px}.e-con-inner>.elementor-widget-spacer.elementor-widget-empty .elementor-widget-empty-icon,.e-con>.elementor-widget-spacer.elementor-widget-empty .elementor-widget-empty-icon{position:absolute;top:0;bottom:0;left:0;right:0;margin:auto;padding:0;width:22px;height:22px}<\/style>\t\t<div class=\"elementor-spacer\">\n\t\t\t<div class=\"elementor-spacer-inner\"><\/div>\n\t\t<\/div>\n\t\t\t\t<\/div>\n\t\t\t\t<\/div>\n\t\t\t\t<div class=\"elementor-element elementor-element-72dc531 elementor-widget elementor-widget-text-editor\" data-id=\"72dc531\" data-element_type=\"widget\" data-widget_type=\"text-editor.default\">\n\t\t\t\t<div class=\"elementor-widget-container\">\n\t\t\t\t\t\t\t<h5>Basit ve \u00c7ifte Kay\u0131t defterlerin tutulmas\u0131, i\u015flemlerin bilgisayarl\u0131 g\u00f6r\u00fcnt\u00fcs\u00fc verildi\u011finden, i\u015fletmenin tam ve do\u011frudan imaj\u0131n\u0131 verdi\u011finden, \u015firketinizin yasal i\u015fleyi\u015fi i\u00e7in \u00f6nemli bir k\u0131s\u0131md\u0131r.<\/h5><h5>KMservices olarak, \u00f6neminin fark\u0131na vararak, defterlerinizin Yunan Muhasebe Standartlar\u0131 (ELP) ve Uluslararas\u0131 Muhasebe Standartlar\u0131 (IAS) uyar\u0131nca uygun \u015fekilde bak\u0131m\u0131n\u0131 taahh\u00fct ediyoruz.<\/h5>\t\t\t\t\t\t<\/div>\n\t\t\t\t<\/div>\n\t\t\t\t\t<\/div>\n\t\t<\/div>\n\t\t\t\t\t<\/div>\n\t\t<\/section>\n\t\t\t\t<section class=\"elementor-section elementor-inner-section elementor-element elementor-element-5467015 elementor-section-boxed elementor-section-height-default elementor-section-height-default\" data-id=\"5467015\" data-element_type=\"section\">\n\t\t\t\t\t\t<div class=\"elementor-container elementor-column-gap-default\">\n\t\t\t\t\t<div class=\"elementor-column elementor-col-50 elementor-inner-column elementor-element elementor-element-066a3da\" data-id=\"066a3da\" data-element_type=\"column\">\n\t\t\t<div class=\"elementor-widget-wrap elementor-element-populated\">\n\t\t\t\t\t\t<div class=\"elementor-element elementor-element-4fdd68d elementor-widget elementor-widget-text-editor\" data-id=\"4fdd68d\" data-element_type=\"widget\" data-widget_type=\"text-editor.default\">\n\t\t\t\t<div class=\"elementor-widget-container\">\n\t\t\t\t\t\t\t<h3>Basit defter tutan \u015firketer<\/h3><table><tbody><tr><td width=\"553\"><h6>\u015eah\u0131s \u015firketi<\/h6><\/td><\/tr><tr><td width=\"553\"><h6>Kollekfit \u015eirket<\/h6><\/td><\/tr><tr><td width=\"553\"><h6>Komandit \u015eirket<\/h6><\/td><\/tr><\/tbody><\/table>\t\t\t\t\t\t<\/div>\n\t\t\t\t<\/div>\n\t\t\t\t\t<\/div>\n\t\t<\/div>\n\t\t\t\t<div class=\"elementor-column elementor-col-50 elementor-inner-column elementor-element elementor-element-82dddba\" data-id=\"82dddba\" data-element_type=\"column\">\n\t\t\t<div class=\"elementor-widget-wrap elementor-element-populated\">\n\t\t\t\t\t\t<div class=\"elementor-element elementor-element-5af9c01 elementor-widget elementor-widget-text-editor\" data-id=\"5af9c01\" data-element_type=\"widget\" data-widget_type=\"text-editor.default\">\n\t\t\t\t<div class=\"elementor-widget-container\">\n\t\t\t\t\t\t\t<h3>\u00c7ift defter tutan \u015firketler<\/h3><table><tbody><tr><td width=\"553\"><h6>Ltd. \u015eti.<\/h6><\/td><\/tr><tr><td width=\"553\"><h6>\u00d6zel Sermaye \u015eirketi<\/h6><\/td><\/tr><tr><td width=\"553\"><h6>A.\u015e.<\/h6><\/td><\/tr><\/tbody><\/table>\t\t\t\t\t\t<\/div>\n\t\t\t\t<\/div>\n\t\t\t\t\t<\/div>\n\t\t<\/div>\n\t\t\t\t\t<\/div>\n\t\t<\/section>\n\t\t\t\t\t<\/div>\n\t\t<\/div>\n\t\t\t\t\t<\/div>\n\t\t<\/section>\n\t\t\t\t<section class=\"elementor-section elementor-top-section elementor-element elementor-element-0ba22fa elementor-section-stretched elementor-section-boxed elementor-section-height-default elementor-section-height-default\" data-id=\"0ba22fa\" data-element_type=\"section\" data-settings=\"{&quot;stretch_section&quot;:&quot;section-stretched&quot;,&quot;background_background&quot;:&quot;classic&quot;}\">\n\t\t\t\t\t\t<div class=\"elementor-container elementor-column-gap-no\">\n\t\t\t\t\t<div class=\"elementor-column elementor-col-100 elementor-top-column elementor-element elementor-element-84941e4\" data-id=\"84941e4\" data-element_type=\"column\" data-settings=\"{&quot;background_background&quot;:&quot;gradient&quot;}\">\n\t\t\t<div class=\"elementor-widget-wrap elementor-element-populated\">\n\t\t\t\t\t\t<section class=\"elementor-section elementor-inner-section elementor-element elementor-element-ac3e5b1 elementor-section-content-middle elementor-section-boxed elementor-section-height-default elementor-section-height-default\" data-id=\"ac3e5b1\" data-element_type=\"section\" data-settings=\"{&quot;background_background&quot;:&quot;classic&quot;}\">\n\t\t\t\t\t\t<div class=\"elementor-container elementor-column-gap-default\">\n\t\t\t\t\t<div class=\"elementor-column elementor-col-100 elementor-inner-column elementor-element elementor-element-0f8317c\" data-id=\"0f8317c\" data-element_type=\"column\">\n\t\t\t<div class=\"elementor-widget-wrap elementor-element-populated\">\n\t\t\t\t\t\t<div class=\"elementor-element elementor-element-f6cfd41 contact-banner elementor-widget elementor-widget-heading\" data-id=\"f6cfd41\" data-element_type=\"widget\" data-widget_type=\"heading.default\">\n\t\t\t\t<div class=\"elementor-widget-container\">\n\t\t\t<style>\/*! elementor - v3.23.0 - 23-07-2024 *\/\n.elementor-heading-title{padding:0;margin:0;line-height:1}.elementor-widget-heading .elementor-heading-title[class*=elementor-size-]>a{color:inherit;font-size:inherit;line-height:inherit}.elementor-widget-heading .elementor-heading-title.elementor-size-small{font-size:15px}.elementor-widget-heading .elementor-heading-title.elementor-size-medium{font-size:19px}.elementor-widget-heading .elementor-heading-title.elementor-size-large{font-size:29px}.elementor-widget-heading .elementor-heading-title.elementor-size-xl{font-size:39px}.elementor-widget-heading .elementor-heading-title.elementor-size-xxl{font-size:59px}<\/style><h2 class=\"elementor-heading-title elementor-size-default\">Daha fazla bilgi veya a\u00e7\u0131klama i\u00e7in bizimle ileti\u015fime ge\u00e7mekten \u00e7ekinmeyin<\/h2>\t\t<\/div>\n\t\t\t\t<\/div>\n\t\t\t\t<div class=\"elementor-element elementor-element-d56e784 elementor-align-center elementor-mobile-align-left elementor-tablet-align-left elementor-widget elementor-widget-button\" data-id=\"d56e784\" data-element_type=\"widget\" data-widget_type=\"button.default\">\n\t\t\t\t<div class=\"elementor-widget-container\">\n\t\t\t\t\t<div class=\"elementor-button-wrapper\">\n\t\t\t<a class=\"elementor-button elementor-button-link elementor-size-xs\" href=\"\/tr\/iletisim\/\">\n\t\t\t\t\t\t<span class=\"elementor-button-content-wrapper\">\n\t\t\t\t\t\t\t\t\t<span class=\"elementor-button-text\">\u0130leti\u015fim<\/span>\n\t\t\t\t\t<\/span>\n\t\t\t\t\t<\/a>\n\t\t<\/div>\n\t\t\t\t<\/div>\n\t\t\t\t<\/div>\n\t\t\t\t\t<\/div>\n\t\t<\/div>\n\t\t\t\t\t<\/div>\n\t\t<\/section>\n\t\t\t\t\t<\/div>\n\t\t<\/div>\n\t\t\t\t\t<\/div>\n\t\t<\/section>\n\t\t\t\t<\/div>\n\t\t","protected":false},"excerpt":{"rendered":"<p>Basit ve \u00c7ifte Kay\u0131t Defter Tutma Basit ve \u00c7ifte Kay\u0131t defterlerin tutulmas\u0131, i\u015flemlerin bilgisayarl\u0131 g\u00f6r\u00fcnt\u00fcs\u00fc verildi\u011finden, i\u015fletmenin tam ve do\u011frudan imaj\u0131n\u0131 verdi\u011finden, \u015firketinizin yasal i\u015fleyi\u015fi i\u00e7in<span class=\"excerpt-hellip\"> [\u2026]<\/span><\/p>\n","protected":false},"author":1,"featured_media":0,"parent":1997,"menu_order":1,"comment_status":"closed","ping_status":"closed","template":"","meta":{"footnotes":""},"class_list":["post-2075","page","type-page","status-publish","hentry"],"yoast_head":"<!-- This site is optimized with the Yoast SEO plugin v24.1 - https:\/\/yoast.com\/wordpress\/plugins\/seo\/ -->\n<title>Basit ve \u00c7ifte Kay\u0131t Defter Tutma - KM Services<\/title>\n<meta name=\"description\" content=\"Defterlerinizin Yunan Muhasebe Standartlar\u0131 (ELP) ve Uluslararas\u0131 Muhasebe Standartlar\u0131 (IAS) uyar\u0131nca uygun \u015fekilde bak\u0131m\u0131n\u0131 taahh\u00fct ediyoruz\" \/>\n<meta name=\"robots\" content=\"index, follow, max-snippet:-1, max-image-preview:large, max-video-preview:-1\" \/>\n<link rel=\"canonical\" href=\"https:\/\/kmservices.gr\/tr\/hizmettler\/is-sahipleri-icin\/basit-ve-cifte-kayit-defter-tutma\/\" \/>\n<meta property=\"og:locale\" content=\"tr_TR\" \/>\n<meta property=\"og:type\" content=\"article\" \/>\n<meta property=\"og:title\" content=\"Basit ve \u00c7ifte Kay\u0131t Defter Tutma - KM Services\" \/>\n<meta property=\"og:description\" content=\"Defterlerinizin Yunan Muhasebe Standartlar\u0131 (ELP) ve Uluslararas\u0131 Muhasebe Standartlar\u0131 (IAS) uyar\u0131nca uygun \u015fekilde bak\u0131m\u0131n\u0131 taahh\u00fct ediyoruz\" \/>\n<meta property=\"og:url\" content=\"https:\/\/kmservices.gr\/tr\/hizmettler\/is-sahipleri-icin\/basit-ve-cifte-kayit-defter-tutma\/\" \/>\n<meta property=\"og:site_name\" content=\"KM Services\" \/>\n<meta property=\"article:publisher\" content=\"https:\/\/www.facebook.com\/KMServicesAccountingConsulting\/\" \/>\n<meta property=\"article:modified_time\" content=\"2023-04-06T11:29:06+00:00\" \/>\n<meta property=\"og:image\" content=\"https:\/\/kmservices.gr\/wp-content\/uploads\/2023\/02\/Opengraph-Twittercard-Image.png\" \/>\n\t<meta property=\"og:image:width\" content=\"1209\" \/>\n\t<meta property=\"og:image:height\" content=\"598\" \/>\n\t<meta property=\"og:image:type\" content=\"image\/png\" \/>\n<meta name=\"twitter:card\" content=\"summary_large_image\" \/>\n<meta name=\"twitter:title\" content=\"Basit ve \u00c7ifte Kay\u0131t Defter Tutma - KM Services\" \/>\n<meta name=\"twitter:description\" content=\"Defterlerinizin Yunan Muhasebe Standartlar\u0131 (ELP) ve Uluslararas\u0131 Muhasebe Standartlar\u0131 (IAS) uyar\u0131nca uygun \u015fekilde bak\u0131m\u0131n\u0131 taahh\u00fct ediyoruz\" \/>\n<meta name=\"twitter:image\" content=\"https:\/\/kmservices.gr\/wp-content\/uploads\/2023\/02\/Opengraph-Twittercard-Image.png\" \/>\n<meta name=\"twitter:site\" content=\"@kmservicesgr\" \/>\n<meta name=\"twitter:label1\" content=\"Tahmini okuma s\u00fcresi\" \/>\n\t<meta name=\"twitter:data1\" content=\"1 dakika\" \/>\n<script type=\"application\/ld+json\" class=\"yoast-schema-graph\">{\"@context\":\"https:\/\/schema.org\",\"@graph\":[{\"@type\":\"WebPage\",\"@id\":\"https:\/\/kmservices.gr\/tr\/hizmettler\/is-sahipleri-icin\/basit-ve-cifte-kayit-defter-tutma\/\",\"url\":\"https:\/\/kmservices.gr\/tr\/hizmettler\/is-sahipleri-icin\/basit-ve-cifte-kayit-defter-tutma\/\",\"name\":\"Basit ve \u00c7ifte Kay\u0131t Defter Tutma - KM Services\",\"isPartOf\":{\"@id\":\"https:\/\/kmservices.gr\/tr\/#website\"},\"primaryImageOfPage\":{\"@id\":\"https:\/\/kmservices.gr\/tr\/hizmettler\/is-sahipleri-icin\/basit-ve-cifte-kayit-defter-tutma\/#primaryimage\"},\"image\":{\"@id\":\"https:\/\/kmservices.gr\/tr\/hizmettler\/is-sahipleri-icin\/basit-ve-cifte-kayit-defter-tutma\/#primaryimage\"},\"thumbnailUrl\":\"https:\/\/kmservices.gr\/wp-content\/uploads\/2020\/05\/finance2-pic1.png\",\"datePublished\":\"2021-01-07T16:46:55+00:00\",\"dateModified\":\"2023-04-06T11:29:06+00:00\",\"description\":\"Defterlerinizin Yunan Muhasebe Standartlar\u0131 (ELP) ve Uluslararas\u0131 Muhasebe Standartlar\u0131 (IAS) uyar\u0131nca uygun \u015fekilde bak\u0131m\u0131n\u0131 taahh\u00fct ediyoruz\",\"breadcrumb\":{\"@id\":\"https:\/\/kmservices.gr\/tr\/hizmettler\/is-sahipleri-icin\/basit-ve-cifte-kayit-defter-tutma\/#breadcrumb\"},\"inLanguage\":\"tr\",\"potentialAction\":[{\"@type\":\"ReadAction\",\"target\":[\"https:\/\/kmservices.gr\/tr\/hizmettler\/is-sahipleri-icin\/basit-ve-cifte-kayit-defter-tutma\/\"]}]},{\"@type\":\"ImageObject\",\"inLanguage\":\"tr\",\"@id\":\"https:\/\/kmservices.gr\/tr\/hizmettler\/is-sahipleri-icin\/basit-ve-cifte-kayit-defter-tutma\/#primaryimage\",\"url\":\"https:\/\/kmservices.gr\/wp-content\/uploads\/2020\/05\/finance2-pic1.png\",\"contentUrl\":\"https:\/\/kmservices.gr\/wp-content\/uploads\/2020\/05\/finance2-pic1.png\"},{\"@type\":\"BreadcrumbList\",\"@id\":\"https:\/\/kmservices.gr\/tr\/hizmettler\/is-sahipleri-icin\/basit-ve-cifte-kayit-defter-tutma\/#breadcrumb\",\"itemListElement\":[{\"@type\":\"ListItem\",\"position\":1,\"name\":\"\u0391\u03c1\u03c7\u03b9\u03ba\u03ae\",\"item\":\"https:\/\/kmservices.gr\/tr\/\"},{\"@type\":\"ListItem\",\"position\":2,\"name\":\"Hizmettler\",\"item\":\"https:\/\/kmservices.gr\/tr\/ypiresies\/\"},{\"@type\":\"ListItem\",\"position\":3,\"name\":\"\u0130\u015f Sahipleri i\u00e7in\",\"item\":\"https:\/\/kmservices.gr\/tr\/ypiresies\/gia-epaggelmaties\/\"},{\"@type\":\"ListItem\",\"position\":4,\"name\":\"Basit ve \u00c7ifte Kay\u0131t Defter Tutma\"}]},{\"@type\":\"WebSite\",\"@id\":\"https:\/\/kmservices.gr\/tr\/#website\",\"url\":\"https:\/\/kmservices.gr\/tr\/\",\"name\":\"KM Services Accounting & Consulting\",\"description\":\"Accounting &amp; Consulting Services\",\"publisher\":{\"@id\":\"https:\/\/kmservices.gr\/tr\/#organization\"},\"potentialAction\":[{\"@type\":\"SearchAction\",\"target\":{\"@type\":\"EntryPoint\",\"urlTemplate\":\"https:\/\/kmservices.gr\/tr\/?s={search_term_string}\"},\"query-input\":{\"@type\":\"PropertyValueSpecification\",\"valueRequired\":true,\"valueName\":\"search_term_string\"}}],\"inLanguage\":\"tr\"},{\"@type\":\"Organization\",\"@id\":\"https:\/\/kmservices.gr\/tr\/#organization\",\"name\":\"KM Services Accounting & Consulting\",\"url\":\"https:\/\/kmservices.gr\/tr\/\",\"logo\":{\"@type\":\"ImageObject\",\"inLanguage\":\"tr\",\"@id\":\"https:\/\/kmservices.gr\/tr\/#\/schema\/logo\/image\/\",\"url\":\"https:\/\/kmservices.gr\/wp-content\/uploads\/2023\/04\/footer-logo.png\",\"contentUrl\":\"https:\/\/kmservices.gr\/wp-content\/uploads\/2023\/04\/footer-logo.png\",\"width\":1380,\"height\":694,\"caption\":\"KM Services Accounting & Consulting\"},\"image\":{\"@id\":\"https:\/\/kmservices.gr\/tr\/#\/schema\/logo\/image\/\"},\"sameAs\":[\"https:\/\/www.facebook.com\/KMServicesAccountingConsulting\/\",\"https:\/\/x.com\/kmservicesgr\",\"https:\/\/www.instagram.com\/kmservicesaccounting\/\",\"https:\/\/www.linkedin.com\/company\/km-services-accounting-&amp;-consulting\/\"]}]}<\/script>\n<!-- \/ Yoast SEO plugin. -->","yoast_head_json":{"title":"Basit ve \u00c7ifte Kay\u0131t Defter Tutma - KM Services","description":"Defterlerinizin Yunan Muhasebe Standartlar\u0131 (ELP) ve Uluslararas\u0131 Muhasebe Standartlar\u0131 (IAS) uyar\u0131nca uygun \u015fekilde bak\u0131m\u0131n\u0131 taahh\u00fct ediyoruz","robots":{"index":"index","follow":"follow","max-snippet":"max-snippet:-1","max-image-preview":"max-image-preview:large","max-video-preview":"max-video-preview:-1"},"canonical":"https:\/\/kmservices.gr\/tr\/hizmettler\/is-sahipleri-icin\/basit-ve-cifte-kayit-defter-tutma\/","og_locale":"tr_TR","og_type":"article","og_title":"Basit ve \u00c7ifte Kay\u0131t Defter Tutma - KM Services","og_description":"Defterlerinizin Yunan Muhasebe Standartlar\u0131 (ELP) ve Uluslararas\u0131 Muhasebe Standartlar\u0131 (IAS) uyar\u0131nca uygun \u015fekilde bak\u0131m\u0131n\u0131 taahh\u00fct ediyoruz","og_url":"https:\/\/kmservices.gr\/tr\/hizmettler\/is-sahipleri-icin\/basit-ve-cifte-kayit-defter-tutma\/","og_site_name":"KM Services","article_publisher":"https:\/\/www.facebook.com\/KMServicesAccountingConsulting\/","article_modified_time":"2023-04-06T11:29:06+00:00","og_image":[{"width":1209,"height":598,"url":"https:\/\/kmservices.gr\/wp-content\/uploads\/2023\/02\/Opengraph-Twittercard-Image.png","type":"image\/png"}],"twitter_card":"summary_large_image","twitter_title":"Basit ve \u00c7ifte Kay\u0131t Defter Tutma - KM Services","twitter_description":"Defterlerinizin Yunan Muhasebe Standartlar\u0131 (ELP) ve Uluslararas\u0131 Muhasebe Standartlar\u0131 (IAS) uyar\u0131nca uygun \u015fekilde bak\u0131m\u0131n\u0131 taahh\u00fct ediyoruz","twitter_image":"https:\/\/kmservices.gr\/wp-content\/uploads\/2023\/02\/Opengraph-Twittercard-Image.png","twitter_site":"@kmservicesgr","twitter_misc":{"Tahmini okuma s\u00fcresi":"1 dakika"},"schema":{"@context":"https:\/\/schema.org","@graph":[{"@type":"WebPage","@id":"https:\/\/kmservices.gr\/tr\/hizmettler\/is-sahipleri-icin\/basit-ve-cifte-kayit-defter-tutma\/","url":"https:\/\/kmservices.gr\/tr\/hizmettler\/is-sahipleri-icin\/basit-ve-cifte-kayit-defter-tutma\/","name":"Basit ve \u00c7ifte Kay\u0131t Defter Tutma - KM Services","isPartOf":{"@id":"https:\/\/kmservices.gr\/tr\/#website"},"primaryImageOfPage":{"@id":"https:\/\/kmservices.gr\/tr\/hizmettler\/is-sahipleri-icin\/basit-ve-cifte-kayit-defter-tutma\/#primaryimage"},"image":{"@id":"https:\/\/kmservices.gr\/tr\/hizmettler\/is-sahipleri-icin\/basit-ve-cifte-kayit-defter-tutma\/#primaryimage"},"thumbnailUrl":"https:\/\/kmservices.gr\/wp-content\/uploads\/2020\/05\/finance2-pic1.png","datePublished":"2021-01-07T16:46:55+00:00","dateModified":"2023-04-06T11:29:06+00:00","description":"Defterlerinizin Yunan Muhasebe Standartlar\u0131 (ELP) ve Uluslararas\u0131 Muhasebe Standartlar\u0131 (IAS) uyar\u0131nca uygun \u015fekilde bak\u0131m\u0131n\u0131 taahh\u00fct ediyoruz","breadcrumb":{"@id":"https:\/\/kmservices.gr\/tr\/hizmettler\/is-sahipleri-icin\/basit-ve-cifte-kayit-defter-tutma\/#breadcrumb"},"inLanguage":"tr","potentialAction":[{"@type":"ReadAction","target":["https:\/\/kmservices.gr\/tr\/hizmettler\/is-sahipleri-icin\/basit-ve-cifte-kayit-defter-tutma\/"]}]},{"@type":"ImageObject","inLanguage":"tr","@id":"https:\/\/kmservices.gr\/tr\/hizmettler\/is-sahipleri-icin\/basit-ve-cifte-kayit-defter-tutma\/#primaryimage","url":"https:\/\/kmservices.gr\/wp-content\/uploads\/2020\/05\/finance2-pic1.png","contentUrl":"https:\/\/kmservices.gr\/wp-content\/uploads\/2020\/05\/finance2-pic1.png"},{"@type":"BreadcrumbList","@id":"https:\/\/kmservices.gr\/tr\/hizmettler\/is-sahipleri-icin\/basit-ve-cifte-kayit-defter-tutma\/#breadcrumb","itemListElement":[{"@type":"ListItem","position":1,"name":"\u0391\u03c1\u03c7\u03b9\u03ba\u03ae","item":"https:\/\/kmservices.gr\/tr\/"},{"@type":"ListItem","position":2,"name":"Hizmettler","item":"https:\/\/kmservices.gr\/tr\/ypiresies\/"},{"@type":"ListItem","position":3,"name":"\u0130\u015f Sahipleri i\u00e7in","item":"https:\/\/kmservices.gr\/tr\/ypiresies\/gia-epaggelmaties\/"},{"@type":"ListItem","position":4,"name":"Basit ve \u00c7ifte Kay\u0131t Defter Tutma"}]},{"@type":"WebSite","@id":"https:\/\/kmservices.gr\/tr\/#website","url":"https:\/\/kmservices.gr\/tr\/","name":"KM Services Accounting & Consulting","description":"Accounting &amp; Consulting Services","publisher":{"@id":"https:\/\/kmservices.gr\/tr\/#organization"},"potentialAction":[{"@type":"SearchAction","target":{"@type":"EntryPoint","urlTemplate":"https:\/\/kmservices.gr\/tr\/?s={search_term_string}"},"query-input":{"@type":"PropertyValueSpecification","valueRequired":true,"valueName":"search_term_string"}}],"inLanguage":"tr"},{"@type":"Organization","@id":"https:\/\/kmservices.gr\/tr\/#organization","name":"KM Services Accounting & Consulting","url":"https:\/\/kmservices.gr\/tr\/","logo":{"@type":"ImageObject","inLanguage":"tr","@id":"https:\/\/kmservices.gr\/tr\/#\/schema\/logo\/image\/","url":"https:\/\/kmservices.gr\/wp-content\/uploads\/2023\/04\/footer-logo.png","contentUrl":"https:\/\/kmservices.gr\/wp-content\/uploads\/2023\/04\/footer-logo.png","width":1380,"height":694,"caption":"KM Services Accounting & Consulting"},"image":{"@id":"https:\/\/kmservices.gr\/tr\/#\/schema\/logo\/image\/"},"sameAs":["https:\/\/www.facebook.com\/KMServicesAccountingConsulting\/","https:\/\/x.com\/kmservicesgr","https:\/\/www.instagram.com\/kmservicesaccounting\/","https:\/\/www.linkedin.com\/company\/km-services-accounting-&amp;-consulting\/"]}]}},"_links":{"self":[{"href":"https:\/\/kmservices.gr\/tr\/wp-json\/wp\/v2\/pages\/2075"}],"collection":[{"href":"https:\/\/kmservices.gr\/tr\/wp-json\/wp\/v2\/pages"}],"about":[{"href":"https:\/\/kmservices.gr\/tr\/wp-json\/wp\/v2\/types\/page"}],"author":[{"embeddable":true,"href":"https:\/\/kmservices.gr\/tr\/wp-json\/wp\/v2\/users\/1"}],"replies":[{"embeddable":true,"href":"https:\/\/kmservices.gr\/tr\/wp-json\/wp\/v2\/comments?post=2075"}],"version-history":[{"count":0,"href":"https:\/\/kmservices.gr\/tr\/wp-json\/wp\/v2\/pages\/2075\/revisions"}],"up":[{"embeddable":true,"href":"https:\/\/kmservices.gr\/tr\/wp-json\/wp\/v2\/pages\/1997"}],"wp:attachment":[{"href":"https:\/\/kmservices.gr\/tr\/wp-json\/wp\/v2\/media?parent=2075"}],"curies":[{"name":"wp","href":"https:\/\/api.w.org\/{rel}","templated":true}]}}