{"id":2040,"date":"2021-01-07T18:47:58","date_gmt":"2021-01-07T15:47:58","guid":{"rendered":"https:\/\/kmservices.gr\/?page_id=2040"},"modified":"2023-04-06T14:36:21","modified_gmt":"2023-04-06T11:36:21","slug":"denetimlerde-hazir-bulunma","status":"publish","type":"page","link":"https:\/\/kmservices.gr\/tr\/hizmettler\/is-sahipleri-icin\/denetimlerde-hazir-bulunma\/","title":{"rendered":"Denetimlerde haz\u0131r bulunma"},"content":{"rendered":"\t\t<div data-elementor-type=\"wp-page\" data-elementor-id=\"2040\" class=\"elementor elementor-2040 elementor-643\" data-elementor-post-type=\"page\">\n\t\t\t\t\t\t<section class=\"elementor-section elementor-top-section elementor-element elementor-element-71a92df elementor-section-stretched elementor-section-content-middle elementor-section-full_width elementor-section-height-min-height elementor-section-height-default elementor-section-items-middle\" data-id=\"71a92df\" data-element_type=\"section\" data-settings=\"{&quot;stretch_section&quot;:&quot;section-stretched&quot;}\">\n\t\t\t\t\t\t<div class=\"elementor-container elementor-column-gap-wider\">\n\t\t\t\t\t<div class=\"elementor-column elementor-col-100 elementor-top-column elementor-element elementor-element-30208ef\" data-id=\"30208ef\" data-element_type=\"column\">\n\t\t\t<div class=\"elementor-widget-wrap elementor-element-populated\">\n\t\t\t\t\t\t<section class=\"elementor-section elementor-inner-section elementor-element elementor-element-c688279 elementor-section-boxed elementor-section-height-default elementor-section-height-default\" data-id=\"c688279\" data-element_type=\"section\">\n\t\t\t\t\t\t<div class=\"elementor-container elementor-column-gap-default\">\n\t\t\t\t\t<div class=\"elementor-column elementor-col-100 elementor-inner-column elementor-element elementor-element-1d0f0ec\" data-id=\"1d0f0ec\" data-element_type=\"column\">\n\t\t\t<div class=\"elementor-widget-wrap elementor-element-populated\">\n\t\t\t\t\t\t<div class=\"elementor-element elementor-element-670a023 elementor-widget elementor-widget-text-editor\" data-id=\"670a023\" data-element_type=\"widget\" data-widget_type=\"text-editor.default\">\n\t\t\t\t<div class=\"elementor-widget-container\">\n\t\t\t<style>\/*! elementor - v3.23.0 - 23-07-2024 *\/\n.elementor-widget-text-editor.elementor-drop-cap-view-stacked .elementor-drop-cap{background-color:#69727d;color:#fff}.elementor-widget-text-editor.elementor-drop-cap-view-framed .elementor-drop-cap{color:#69727d;border:3px solid;background-color:transparent}.elementor-widget-text-editor:not(.elementor-drop-cap-view-default) .elementor-drop-cap{margin-top:8px}.elementor-widget-text-editor:not(.elementor-drop-cap-view-default) .elementor-drop-cap-letter{width:1em;height:1em}.elementor-widget-text-editor .elementor-drop-cap{float:left;text-align:center;line-height:1;font-size:50px}.elementor-widget-text-editor .elementor-drop-cap-letter{display:inline-block}<\/style>\t\t\t\t<h1>Denetimlerde haz\u0131r bulunma<\/h1>\t\t\t\t\t\t<\/div>\n\t\t\t\t<\/div>\n\t\t\t\t\t<\/div>\n\t\t<\/div>\n\t\t\t\t\t<\/div>\n\t\t<\/section>\n\t\t\t\t\t<\/div>\n\t\t<\/div>\n\t\t\t\t\t<\/div>\n\t\t<\/section>\n\t\t\t\t<section class=\"elementor-section elementor-top-section elementor-element elementor-element-54e982b elementor-section-stretched elementor-section-boxed elementor-section-height-default elementor-section-height-default\" data-id=\"54e982b\" data-element_type=\"section\" data-settings=\"{&quot;stretch_section&quot;:&quot;section-stretched&quot;,&quot;background_background&quot;:&quot;classic&quot;}\">\n\t\t\t\t\t\t<div class=\"elementor-container elementor-column-gap-wider\">\n\t\t\t\t\t<div class=\"elementor-column elementor-col-100 elementor-top-column elementor-element elementor-element-10e9c62\" data-id=\"10e9c62\" data-element_type=\"column\">\n\t\t\t<div class=\"elementor-widget-wrap elementor-element-populated\">\n\t\t\t\t\t\t<section class=\"elementor-section elementor-inner-section elementor-element elementor-element-8379df4 elementor-section-boxed elementor-section-height-default elementor-section-height-default\" data-id=\"8379df4\" data-element_type=\"section\">\n\t\t\t\t\t\t<div class=\"elementor-container elementor-column-gap-default\">\n\t\t\t\t\t<div class=\"elementor-column elementor-col-100 elementor-inner-column elementor-element elementor-element-8814c4c\" data-id=\"8814c4c\" data-element_type=\"column\">\n\t\t\t<div class=\"elementor-widget-wrap elementor-element-populated\">\n\t\t\t\t\t\t<div class=\"elementor-element elementor-element-0d54631 elementor-widget elementor-widget-image\" data-id=\"0d54631\" data-element_type=\"widget\" data-widget_type=\"image.default\">\n\t\t\t\t<div class=\"elementor-widget-container\">\n\t\t\t<style>\/*! elementor - v3.23.0 - 23-07-2024 *\/\n.elementor-widget-image{text-align:center}.elementor-widget-image a{display:inline-block}.elementor-widget-image a img[src$=\".svg\"]{width:48px}.elementor-widget-image img{vertical-align:middle;display:inline-block}<\/style>\t\t\t\t\t\t\t\t\t\t<img decoding=\"async\" width=\"31\" height=\"46\" src=\"https:\/\/kmservices.gr\/wp-content\/uploads\/2020\/05\/finance2-pic1.png\" class=\"attachment-large size-large wp-image-175\" alt=\"\" \/>\t\t\t\t\t\t\t\t\t\t\t\t\t<\/div>\n\t\t\t\t<\/div>\n\t\t\t\t<div class=\"elementor-element elementor-element-15fb81d elementor-widget elementor-widget-spacer\" data-id=\"15fb81d\" data-element_type=\"widget\" data-widget_type=\"spacer.default\">\n\t\t\t\t<div class=\"elementor-widget-container\">\n\t\t\t<style>\/*! elementor - v3.23.0 - 23-07-2024 *\/\n.elementor-column .elementor-spacer-inner{height:var(--spacer-size)}.e-con{--container-widget-width:100%}.e-con-inner>.elementor-widget-spacer,.e-con>.elementor-widget-spacer{width:var(--container-widget-width,var(--spacer-size));--align-self:var(--container-widget-align-self,initial);--flex-shrink:0}.e-con-inner>.elementor-widget-spacer>.elementor-widget-container,.e-con>.elementor-widget-spacer>.elementor-widget-container{height:100%;width:100%}.e-con-inner>.elementor-widget-spacer>.elementor-widget-container>.elementor-spacer,.e-con>.elementor-widget-spacer>.elementor-widget-container>.elementor-spacer{height:100%}.e-con-inner>.elementor-widget-spacer>.elementor-widget-container>.elementor-spacer>.elementor-spacer-inner,.e-con>.elementor-widget-spacer>.elementor-widget-container>.elementor-spacer>.elementor-spacer-inner{height:var(--container-widget-height,var(--spacer-size))}.e-con-inner>.elementor-widget-spacer.elementor-widget-empty,.e-con>.elementor-widget-spacer.elementor-widget-empty{position:relative;min-height:22px;min-width:22px}.e-con-inner>.elementor-widget-spacer.elementor-widget-empty .elementor-widget-empty-icon,.e-con>.elementor-widget-spacer.elementor-widget-empty .elementor-widget-empty-icon{position:absolute;top:0;bottom:0;left:0;right:0;margin:auto;padding:0;width:22px;height:22px}<\/style>\t\t<div class=\"elementor-spacer\">\n\t\t\t<div class=\"elementor-spacer-inner\"><\/div>\n\t\t<\/div>\n\t\t\t\t<\/div>\n\t\t\t\t<\/div>\n\t\t\t\t<div class=\"elementor-element elementor-element-72dc531 elementor-widget elementor-widget-text-editor\" data-id=\"72dc531\" data-element_type=\"widget\" data-widget_type=\"text-editor.default\">\n\t\t\t\t<div class=\"elementor-widget-container\">\n\t\t\t\t\t\t\t<h5>\u015eirketinizde bir vergi denetimi yap\u0131lmas\u0131 durumunda, KM Services uzman personeli, i\u015finizi tam olarak desteklemek ve mali y\u00fckten (para cezalar\u0131) ka\u00e7\u0131nmak i\u00e7in verileri \u00e7apraz kontrol etmek ve gerekli destekleyici belgeleri sunmak gibi gerekli t\u00fcm i\u015flemleri \u00fcstlenir.<\/h5>\t\t\t\t\t\t<\/div>\n\t\t\t\t<\/div>\n\t\t\t\t\t<\/div>\n\t\t<\/div>\n\t\t\t\t\t<\/div>\n\t\t<\/section>\n\t\t\t\t\t<\/div>\n\t\t<\/div>\n\t\t\t\t\t<\/div>\n\t\t<\/section>\n\t\t\t\t<section class=\"elementor-section elementor-top-section elementor-element elementor-element-637e198 elementor-section-stretched elementor-section-boxed elementor-section-height-default elementor-section-height-default\" data-id=\"637e198\" data-element_type=\"section\" data-settings=\"{&quot;stretch_section&quot;:&quot;section-stretched&quot;,&quot;background_background&quot;:&quot;classic&quot;}\">\n\t\t\t\t\t\t<div class=\"elementor-container elementor-column-gap-no\">\n\t\t\t\t\t<div class=\"elementor-column elementor-col-100 elementor-top-column elementor-element elementor-element-b82cde2\" data-id=\"b82cde2\" data-element_type=\"column\" data-settings=\"{&quot;background_background&quot;:&quot;gradient&quot;}\">\n\t\t\t<div class=\"elementor-widget-wrap elementor-element-populated\">\n\t\t\t\t\t\t<section class=\"elementor-section elementor-inner-section elementor-element elementor-element-1414477 elementor-section-content-middle elementor-section-boxed elementor-section-height-default elementor-section-height-default\" data-id=\"1414477\" data-element_type=\"section\" data-settings=\"{&quot;background_background&quot;:&quot;classic&quot;}\">\n\t\t\t\t\t\t<div class=\"elementor-container elementor-column-gap-default\">\n\t\t\t\t\t<div class=\"elementor-column elementor-col-100 elementor-inner-column elementor-element elementor-element-fd6e3f9\" data-id=\"fd6e3f9\" data-element_type=\"column\">\n\t\t\t<div class=\"elementor-widget-wrap elementor-element-populated\">\n\t\t\t\t\t\t<div class=\"elementor-element elementor-element-2e60284 contact-banner elementor-widget elementor-widget-heading\" data-id=\"2e60284\" data-element_type=\"widget\" data-widget_type=\"heading.default\">\n\t\t\t\t<div class=\"elementor-widget-container\">\n\t\t\t<style>\/*! elementor - v3.23.0 - 23-07-2024 *\/\n.elementor-heading-title{padding:0;margin:0;line-height:1}.elementor-widget-heading .elementor-heading-title[class*=elementor-size-]>a{color:inherit;font-size:inherit;line-height:inherit}.elementor-widget-heading .elementor-heading-title.elementor-size-small{font-size:15px}.elementor-widget-heading .elementor-heading-title.elementor-size-medium{font-size:19px}.elementor-widget-heading .elementor-heading-title.elementor-size-large{font-size:29px}.elementor-widget-heading .elementor-heading-title.elementor-size-xl{font-size:39px}.elementor-widget-heading .elementor-heading-title.elementor-size-xxl{font-size:59px}<\/style><h2 class=\"elementor-heading-title elementor-size-default\">Daha fazla bilgi veya a\u00e7\u0131klama i\u00e7in bizimle ileti\u015fime ge\u00e7mekten \u00e7ekinmeyin<\/h2>\t\t<\/div>\n\t\t\t\t<\/div>\n\t\t\t\t<div class=\"elementor-element elementor-element-00e16ab elementor-align-center elementor-mobile-align-left elementor-tablet-align-left elementor-widget elementor-widget-button\" data-id=\"00e16ab\" data-element_type=\"widget\" data-widget_type=\"button.default\">\n\t\t\t\t<div class=\"elementor-widget-container\">\n\t\t\t\t\t<div class=\"elementor-button-wrapper\">\n\t\t\t<a class=\"elementor-button elementor-button-link elementor-size-xs\" href=\"\/tr\/iletisim\/\">\n\t\t\t\t\t\t<span class=\"elementor-button-content-wrapper\">\n\t\t\t\t\t\t\t\t\t<span class=\"elementor-button-text\">\u0130leti\u015fim<\/span>\n\t\t\t\t\t<\/span>\n\t\t\t\t\t<\/a>\n\t\t<\/div>\n\t\t\t\t<\/div>\n\t\t\t\t<\/div>\n\t\t\t\t\t<\/div>\n\t\t<\/div>\n\t\t\t\t\t<\/div>\n\t\t<\/section>\n\t\t\t\t\t<\/div>\n\t\t<\/div>\n\t\t\t\t\t<\/div>\n\t\t<\/section>\n\t\t\t\t<\/div>\n\t\t","protected":false},"excerpt":{"rendered":"<p>Denetimlerde haz\u0131r bulunma \u015eirketinizde bir vergi denetimi yap\u0131lmas\u0131 durumunda, KM Services uzman personeli, i\u015finizi tam olarak desteklemek ve mali y\u00fckten (para cezalar\u0131) ka\u00e7\u0131nmak i\u00e7in verileri \u00e7apraz<span class=\"excerpt-hellip\"> [\u2026]<\/span><\/p>\n","protected":false},"author":1,"featured_media":0,"parent":1997,"menu_order":7,"comment_status":"closed","ping_status":"closed","template":"","meta":{"footnotes":""},"class_list":["post-2040","page","type-page","status-publish","hentry"],"yoast_head":"<!-- This site is optimized with the Yoast SEO plugin v24.1 - https:\/\/yoast.com\/wordpress\/plugins\/seo\/ -->\n<title>Denetimlerde haz\u0131r bulunma - KM Services<\/title>\n<meta name=\"description\" content=\"Deneyimli vergi denetimi haz\u0131rl\u0131k hizmetlerimizle ihtiyac\u0131n\u0131z olan deste\u011fi al\u0131n ve cezalardan ka\u00e7\u0131n\u0131n\" \/>\n<meta name=\"robots\" content=\"index, follow, max-snippet:-1, max-image-preview:large, max-video-preview:-1\" \/>\n<link rel=\"canonical\" href=\"https:\/\/kmservices.gr\/tr\/hizmettler\/is-sahipleri-icin\/denetimlerde-hazir-bulunma\/\" \/>\n<meta property=\"og:locale\" content=\"tr_TR\" \/>\n<meta property=\"og:type\" content=\"article\" \/>\n<meta property=\"og:title\" content=\"Denetimlerde haz\u0131r bulunma - KM Services\" \/>\n<meta property=\"og:description\" content=\"Deneyimli vergi denetimi haz\u0131rl\u0131k hizmetlerimizle ihtiyac\u0131n\u0131z olan deste\u011fi al\u0131n ve cezalardan ka\u00e7\u0131n\u0131n\" \/>\n<meta property=\"og:url\" content=\"https:\/\/kmservices.gr\/tr\/hizmettler\/is-sahipleri-icin\/denetimlerde-hazir-bulunma\/\" \/>\n<meta property=\"og:site_name\" content=\"KM Services\" \/>\n<meta property=\"article:publisher\" content=\"https:\/\/www.facebook.com\/KMServicesAccountingConsulting\/\" \/>\n<meta property=\"article:modified_time\" content=\"2023-04-06T11:36:21+00:00\" \/>\n<meta property=\"og:image\" content=\"https:\/\/kmservices.gr\/wp-content\/uploads\/2023\/02\/Opengraph-Twittercard-Image.png\" \/>\n\t<meta property=\"og:image:width\" content=\"1209\" \/>\n\t<meta property=\"og:image:height\" content=\"598\" \/>\n\t<meta property=\"og:image:type\" content=\"image\/png\" \/>\n<meta name=\"twitter:card\" content=\"summary_large_image\" \/>\n<meta name=\"twitter:title\" content=\"Denetimlerde haz\u0131r bulunma - KM Services\" \/>\n<meta name=\"twitter:description\" content=\"Deneyimli vergi denetimi haz\u0131rl\u0131k hizmetlerimizle ihtiyac\u0131n\u0131z olan deste\u011fi al\u0131n ve cezalardan ka\u00e7\u0131n\u0131n\" \/>\n<meta name=\"twitter:image\" content=\"https:\/\/kmservices.gr\/wp-content\/uploads\/2023\/02\/Opengraph-Twittercard-Image.png\" \/>\n<meta name=\"twitter:site\" content=\"@kmservicesgr\" \/>\n<meta name=\"twitter:label1\" content=\"Tahmini okuma s\u00fcresi\" \/>\n\t<meta name=\"twitter:data1\" content=\"1 dakika\" \/>\n<script type=\"application\/ld+json\" class=\"yoast-schema-graph\">{\"@context\":\"https:\/\/schema.org\",\"@graph\":[{\"@type\":\"WebPage\",\"@id\":\"https:\/\/kmservices.gr\/tr\/hizmettler\/is-sahipleri-icin\/denetimlerde-hazir-bulunma\/\",\"url\":\"https:\/\/kmservices.gr\/tr\/hizmettler\/is-sahipleri-icin\/denetimlerde-hazir-bulunma\/\",\"name\":\"Denetimlerde haz\u0131r bulunma - KM Services\",\"isPartOf\":{\"@id\":\"https:\/\/kmservices.gr\/tr\/#website\"},\"primaryImageOfPage\":{\"@id\":\"https:\/\/kmservices.gr\/tr\/hizmettler\/is-sahipleri-icin\/denetimlerde-hazir-bulunma\/#primaryimage\"},\"image\":{\"@id\":\"https:\/\/kmservices.gr\/tr\/hizmettler\/is-sahipleri-icin\/denetimlerde-hazir-bulunma\/#primaryimage\"},\"thumbnailUrl\":\"https:\/\/kmservices.gr\/wp-content\/uploads\/2020\/05\/finance2-pic1.png\",\"datePublished\":\"2021-01-07T15:47:58+00:00\",\"dateModified\":\"2023-04-06T11:36:21+00:00\",\"description\":\"Deneyimli vergi denetimi haz\u0131rl\u0131k hizmetlerimizle ihtiyac\u0131n\u0131z olan deste\u011fi al\u0131n ve cezalardan ka\u00e7\u0131n\u0131n\",\"breadcrumb\":{\"@id\":\"https:\/\/kmservices.gr\/tr\/hizmettler\/is-sahipleri-icin\/denetimlerde-hazir-bulunma\/#breadcrumb\"},\"inLanguage\":\"tr\",\"potentialAction\":[{\"@type\":\"ReadAction\",\"target\":[\"https:\/\/kmservices.gr\/tr\/hizmettler\/is-sahipleri-icin\/denetimlerde-hazir-bulunma\/\"]}]},{\"@type\":\"ImageObject\",\"inLanguage\":\"tr\",\"@id\":\"https:\/\/kmservices.gr\/tr\/hizmettler\/is-sahipleri-icin\/denetimlerde-hazir-bulunma\/#primaryimage\",\"url\":\"https:\/\/kmservices.gr\/wp-content\/uploads\/2020\/05\/finance2-pic1.png\",\"contentUrl\":\"https:\/\/kmservices.gr\/wp-content\/uploads\/2020\/05\/finance2-pic1.png\"},{\"@type\":\"BreadcrumbList\",\"@id\":\"https:\/\/kmservices.gr\/tr\/hizmettler\/is-sahipleri-icin\/denetimlerde-hazir-bulunma\/#breadcrumb\",\"itemListElement\":[{\"@type\":\"ListItem\",\"position\":1,\"name\":\"\u0391\u03c1\u03c7\u03b9\u03ba\u03ae\",\"item\":\"https:\/\/kmservices.gr\/tr\/\"},{\"@type\":\"ListItem\",\"position\":2,\"name\":\"Hizmettler\",\"item\":\"https:\/\/kmservices.gr\/tr\/ypiresies\/\"},{\"@type\":\"ListItem\",\"position\":3,\"name\":\"\u0130\u015f Sahipleri i\u00e7in\",\"item\":\"https:\/\/kmservices.gr\/tr\/ypiresies\/gia-epaggelmaties\/\"},{\"@type\":\"ListItem\",\"position\":4,\"name\":\"Denetimlerde haz\u0131r bulunma\"}]},{\"@type\":\"WebSite\",\"@id\":\"https:\/\/kmservices.gr\/tr\/#website\",\"url\":\"https:\/\/kmservices.gr\/tr\/\",\"name\":\"KM Services Accounting & Consulting\",\"description\":\"Accounting &amp; Consulting Services\",\"publisher\":{\"@id\":\"https:\/\/kmservices.gr\/tr\/#organization\"},\"potentialAction\":[{\"@type\":\"SearchAction\",\"target\":{\"@type\":\"EntryPoint\",\"urlTemplate\":\"https:\/\/kmservices.gr\/tr\/?s={search_term_string}\"},\"query-input\":{\"@type\":\"PropertyValueSpecification\",\"valueRequired\":true,\"valueName\":\"search_term_string\"}}],\"inLanguage\":\"tr\"},{\"@type\":\"Organization\",\"@id\":\"https:\/\/kmservices.gr\/tr\/#organization\",\"name\":\"KM Services Accounting & Consulting\",\"url\":\"https:\/\/kmservices.gr\/tr\/\",\"logo\":{\"@type\":\"ImageObject\",\"inLanguage\":\"tr\",\"@id\":\"https:\/\/kmservices.gr\/tr\/#\/schema\/logo\/image\/\",\"url\":\"https:\/\/kmservices.gr\/wp-content\/uploads\/2023\/04\/footer-logo.png\",\"contentUrl\":\"https:\/\/kmservices.gr\/wp-content\/uploads\/2023\/04\/footer-logo.png\",\"width\":1380,\"height\":694,\"caption\":\"KM Services Accounting & Consulting\"},\"image\":{\"@id\":\"https:\/\/kmservices.gr\/tr\/#\/schema\/logo\/image\/\"},\"sameAs\":[\"https:\/\/www.facebook.com\/KMServicesAccountingConsulting\/\",\"https:\/\/x.com\/kmservicesgr\",\"https:\/\/www.instagram.com\/kmservicesaccounting\/\",\"https:\/\/www.linkedin.com\/company\/km-services-accounting-&amp;-consulting\/\"]}]}<\/script>\n<!-- \/ Yoast SEO plugin. -->","yoast_head_json":{"title":"Denetimlerde haz\u0131r bulunma - KM Services","description":"Deneyimli vergi denetimi haz\u0131rl\u0131k hizmetlerimizle ihtiyac\u0131n\u0131z olan deste\u011fi al\u0131n ve cezalardan ka\u00e7\u0131n\u0131n","robots":{"index":"index","follow":"follow","max-snippet":"max-snippet:-1","max-image-preview":"max-image-preview:large","max-video-preview":"max-video-preview:-1"},"canonical":"https:\/\/kmservices.gr\/tr\/hizmettler\/is-sahipleri-icin\/denetimlerde-hazir-bulunma\/","og_locale":"tr_TR","og_type":"article","og_title":"Denetimlerde haz\u0131r bulunma - KM Services","og_description":"Deneyimli vergi denetimi haz\u0131rl\u0131k hizmetlerimizle ihtiyac\u0131n\u0131z olan deste\u011fi al\u0131n ve cezalardan ka\u00e7\u0131n\u0131n","og_url":"https:\/\/kmservices.gr\/tr\/hizmettler\/is-sahipleri-icin\/denetimlerde-hazir-bulunma\/","og_site_name":"KM Services","article_publisher":"https:\/\/www.facebook.com\/KMServicesAccountingConsulting\/","article_modified_time":"2023-04-06T11:36:21+00:00","og_image":[{"width":1209,"height":598,"url":"https:\/\/kmservices.gr\/wp-content\/uploads\/2023\/02\/Opengraph-Twittercard-Image.png","type":"image\/png"}],"twitter_card":"summary_large_image","twitter_title":"Denetimlerde haz\u0131r bulunma - KM Services","twitter_description":"Deneyimli vergi denetimi haz\u0131rl\u0131k hizmetlerimizle ihtiyac\u0131n\u0131z olan deste\u011fi al\u0131n ve cezalardan ka\u00e7\u0131n\u0131n","twitter_image":"https:\/\/kmservices.gr\/wp-content\/uploads\/2023\/02\/Opengraph-Twittercard-Image.png","twitter_site":"@kmservicesgr","twitter_misc":{"Tahmini okuma s\u00fcresi":"1 dakika"},"schema":{"@context":"https:\/\/schema.org","@graph":[{"@type":"WebPage","@id":"https:\/\/kmservices.gr\/tr\/hizmettler\/is-sahipleri-icin\/denetimlerde-hazir-bulunma\/","url":"https:\/\/kmservices.gr\/tr\/hizmettler\/is-sahipleri-icin\/denetimlerde-hazir-bulunma\/","name":"Denetimlerde haz\u0131r bulunma - KM Services","isPartOf":{"@id":"https:\/\/kmservices.gr\/tr\/#website"},"primaryImageOfPage":{"@id":"https:\/\/kmservices.gr\/tr\/hizmettler\/is-sahipleri-icin\/denetimlerde-hazir-bulunma\/#primaryimage"},"image":{"@id":"https:\/\/kmservices.gr\/tr\/hizmettler\/is-sahipleri-icin\/denetimlerde-hazir-bulunma\/#primaryimage"},"thumbnailUrl":"https:\/\/kmservices.gr\/wp-content\/uploads\/2020\/05\/finance2-pic1.png","datePublished":"2021-01-07T15:47:58+00:00","dateModified":"2023-04-06T11:36:21+00:00","description":"Deneyimli vergi denetimi haz\u0131rl\u0131k hizmetlerimizle ihtiyac\u0131n\u0131z olan deste\u011fi al\u0131n ve cezalardan ka\u00e7\u0131n\u0131n","breadcrumb":{"@id":"https:\/\/kmservices.gr\/tr\/hizmettler\/is-sahipleri-icin\/denetimlerde-hazir-bulunma\/#breadcrumb"},"inLanguage":"tr","potentialAction":[{"@type":"ReadAction","target":["https:\/\/kmservices.gr\/tr\/hizmettler\/is-sahipleri-icin\/denetimlerde-hazir-bulunma\/"]}]},{"@type":"ImageObject","inLanguage":"tr","@id":"https:\/\/kmservices.gr\/tr\/hizmettler\/is-sahipleri-icin\/denetimlerde-hazir-bulunma\/#primaryimage","url":"https:\/\/kmservices.gr\/wp-content\/uploads\/2020\/05\/finance2-pic1.png","contentUrl":"https:\/\/kmservices.gr\/wp-content\/uploads\/2020\/05\/finance2-pic1.png"},{"@type":"BreadcrumbList","@id":"https:\/\/kmservices.gr\/tr\/hizmettler\/is-sahipleri-icin\/denetimlerde-hazir-bulunma\/#breadcrumb","itemListElement":[{"@type":"ListItem","position":1,"name":"\u0391\u03c1\u03c7\u03b9\u03ba\u03ae","item":"https:\/\/kmservices.gr\/tr\/"},{"@type":"ListItem","position":2,"name":"Hizmettler","item":"https:\/\/kmservices.gr\/tr\/ypiresies\/"},{"@type":"ListItem","position":3,"name":"\u0130\u015f Sahipleri i\u00e7in","item":"https:\/\/kmservices.gr\/tr\/ypiresies\/gia-epaggelmaties\/"},{"@type":"ListItem","position":4,"name":"Denetimlerde haz\u0131r bulunma"}]},{"@type":"WebSite","@id":"https:\/\/kmservices.gr\/tr\/#website","url":"https:\/\/kmservices.gr\/tr\/","name":"KM Services Accounting & Consulting","description":"Accounting &amp; Consulting Services","publisher":{"@id":"https:\/\/kmservices.gr\/tr\/#organization"},"potentialAction":[{"@type":"SearchAction","target":{"@type":"EntryPoint","urlTemplate":"https:\/\/kmservices.gr\/tr\/?s={search_term_string}"},"query-input":{"@type":"PropertyValueSpecification","valueRequired":true,"valueName":"search_term_string"}}],"inLanguage":"tr"},{"@type":"Organization","@id":"https:\/\/kmservices.gr\/tr\/#organization","name":"KM Services Accounting & Consulting","url":"https:\/\/kmservices.gr\/tr\/","logo":{"@type":"ImageObject","inLanguage":"tr","@id":"https:\/\/kmservices.gr\/tr\/#\/schema\/logo\/image\/","url":"https:\/\/kmservices.gr\/wp-content\/uploads\/2023\/04\/footer-logo.png","contentUrl":"https:\/\/kmservices.gr\/wp-content\/uploads\/2023\/04\/footer-logo.png","width":1380,"height":694,"caption":"KM Services Accounting & Consulting"},"image":{"@id":"https:\/\/kmservices.gr\/tr\/#\/schema\/logo\/image\/"},"sameAs":["https:\/\/www.facebook.com\/KMServicesAccountingConsulting\/","https:\/\/x.com\/kmservicesgr","https:\/\/www.instagram.com\/kmservicesaccounting\/","https:\/\/www.linkedin.com\/company\/km-services-accounting-&amp;-consulting\/"]}]}},"_links":{"self":[{"href":"https:\/\/kmservices.gr\/tr\/wp-json\/wp\/v2\/pages\/2040"}],"collection":[{"href":"https:\/\/kmservices.gr\/tr\/wp-json\/wp\/v2\/pages"}],"about":[{"href":"https:\/\/kmservices.gr\/tr\/wp-json\/wp\/v2\/types\/page"}],"author":[{"embeddable":true,"href":"https:\/\/kmservices.gr\/tr\/wp-json\/wp\/v2\/users\/1"}],"replies":[{"embeddable":true,"href":"https:\/\/kmservices.gr\/tr\/wp-json\/wp\/v2\/comments?post=2040"}],"version-history":[{"count":0,"href":"https:\/\/kmservices.gr\/tr\/wp-json\/wp\/v2\/pages\/2040\/revisions"}],"up":[{"embeddable":true,"href":"https:\/\/kmservices.gr\/tr\/wp-json\/wp\/v2\/pages\/1997"}],"wp:attachment":[{"href":"https:\/\/kmservices.gr\/tr\/wp-json\/wp\/v2\/media?parent=2040"}],"curies":[{"name":"wp","href":"https:\/\/api.w.org\/{rel}","templated":true}]}}