{"id":1952,"date":"2021-01-07T13:58:04","date_gmt":"2021-01-07T10:58:04","guid":{"rendered":"https:\/\/kmservices.gr\/?page_id=1952"},"modified":"2023-04-06T14:52:25","modified_gmt":"2023-04-06T11:52:25","slug":"gelir-vergisi-beyannamesi-e1-e2","status":"publish","type":"page","link":"https:\/\/kmservices.gr\/tr\/hizmettler\/sahislar-icin\/gelir-vergisi-beyannamesi-e1-e2\/","title":{"rendered":"Gelir Vergisi Beyannamesi (E1, E2)"},"content":{"rendered":"\t\t<div data-elementor-type=\"wp-page\" data-elementor-id=\"1952\" class=\"elementor elementor-1952 elementor-520\" data-elementor-post-type=\"page\">\n\t\t\t\t\t\t<section class=\"elementor-section elementor-top-section elementor-element elementor-element-932bf3f elementor-section-stretched elementor-section-content-middle elementor-section-full_width elementor-section-height-min-height elementor-section-height-default elementor-section-items-middle\" data-id=\"932bf3f\" data-element_type=\"section\" data-settings=\"{&quot;stretch_section&quot;:&quot;section-stretched&quot;}\">\n\t\t\t\t\t\t<div class=\"elementor-container elementor-column-gap-wider\">\n\t\t\t\t\t<div class=\"elementor-column elementor-col-100 elementor-top-column elementor-element elementor-element-e2b81c0\" data-id=\"e2b81c0\" data-element_type=\"column\">\n\t\t\t<div class=\"elementor-widget-wrap elementor-element-populated\">\n\t\t\t\t\t\t<section class=\"elementor-section elementor-inner-section elementor-element elementor-element-4647601 elementor-section-boxed elementor-section-height-default elementor-section-height-default\" data-id=\"4647601\" data-element_type=\"section\">\n\t\t\t\t\t\t<div class=\"elementor-container elementor-column-gap-default\">\n\t\t\t\t\t<div class=\"elementor-column elementor-col-100 elementor-inner-column elementor-element elementor-element-6083673\" data-id=\"6083673\" data-element_type=\"column\">\n\t\t\t<div class=\"elementor-widget-wrap elementor-element-populated\">\n\t\t\t\t\t\t<div class=\"elementor-element elementor-element-0f33396 elementor-widget elementor-widget-text-editor\" data-id=\"0f33396\" data-element_type=\"widget\" data-widget_type=\"text-editor.default\">\n\t\t\t\t<div class=\"elementor-widget-container\">\n\t\t\t<style>\/*! elementor - v3.23.0 - 23-07-2024 *\/\n.elementor-widget-text-editor.elementor-drop-cap-view-stacked .elementor-drop-cap{background-color:#69727d;color:#fff}.elementor-widget-text-editor.elementor-drop-cap-view-framed .elementor-drop-cap{color:#69727d;border:3px solid;background-color:transparent}.elementor-widget-text-editor:not(.elementor-drop-cap-view-default) .elementor-drop-cap{margin-top:8px}.elementor-widget-text-editor:not(.elementor-drop-cap-view-default) .elementor-drop-cap-letter{width:1em;height:1em}.elementor-widget-text-editor .elementor-drop-cap{float:left;text-align:center;line-height:1;font-size:50px}.elementor-widget-text-editor .elementor-drop-cap-letter{display:inline-block}<\/style>\t\t\t\t<h1>Gelir Vergisi Beyannamesi (E1, E2)<\/h1>\t\t\t\t\t\t<\/div>\n\t\t\t\t<\/div>\n\t\t\t\t\t<\/div>\n\t\t<\/div>\n\t\t\t\t\t<\/div>\n\t\t<\/section>\n\t\t\t\t\t<\/div>\n\t\t<\/div>\n\t\t\t\t\t<\/div>\n\t\t<\/section>\n\t\t\t\t<section class=\"elementor-section elementor-top-section elementor-element elementor-element-fd9e243 elementor-section-stretched elementor-section-content-middle elementor-section-boxed elementor-section-height-default elementor-section-height-default\" data-id=\"fd9e243\" data-element_type=\"section\" data-settings=\"{&quot;stretch_section&quot;:&quot;section-stretched&quot;,&quot;background_background&quot;:&quot;classic&quot;}\">\n\t\t\t\t\t\t<div class=\"elementor-container elementor-column-gap-wider\">\n\t\t\t\t\t<div class=\"elementor-column elementor-col-100 elementor-top-column elementor-element elementor-element-e421998\" data-id=\"e421998\" data-element_type=\"column\">\n\t\t\t<div class=\"elementor-widget-wrap elementor-element-populated\">\n\t\t\t\t\t\t<section class=\"elementor-section elementor-inner-section elementor-element elementor-element-63fab4f elementor-section-boxed elementor-section-height-default elementor-section-height-default\" data-id=\"63fab4f\" data-element_type=\"section\">\n\t\t\t\t\t\t<div class=\"elementor-container elementor-column-gap-default\">\n\t\t\t\t\t<div class=\"elementor-column elementor-col-100 elementor-inner-column elementor-element elementor-element-1162f92\" data-id=\"1162f92\" data-element_type=\"column\">\n\t\t\t<div class=\"elementor-widget-wrap elementor-element-populated\">\n\t\t\t\t\t\t<div class=\"elementor-element elementor-element-717bbb5 elementor-widget elementor-widget-text-editor\" data-id=\"717bbb5\" data-element_type=\"widget\" data-widget_type=\"text-editor.default\">\n\t\t\t\t<div class=\"elementor-widget-container\">\n\t\t\t\t\t\t\t<h5><img decoding=\"async\" src=\"https:\/\/kmservices.gr\/wp-content\/uploads\/2020\/05\/finance2-pic2.png\" alt=\"\" width=\"31\" height=\"46\" \/><\/h5><h5>Gelir vergisi beyannamesi, bir meslek icra etmeyen ger\u00e7ek ki\u015filerin elektronik beyannamesi olup, y\u0131ll\u0131k olarak doldurulur ve yetkili vergi makamlar\u0131na sunulur. Bu beyannamelerde bir \u00f6nceki y\u0131l\u0131n t\u00fcm gelirlerini listeler.<\/h5><h5>Bir i\u015f veya meslek icra eden her y\u00fck\u00fcml\u00fc i\u00e7in, ayr\u0131ca yetkilendirilmi\u015f muhasebeciler taraf\u0131ndan sunulan y\u00fck\u00fcml\u00fc beyanlar\u0131 i\u00e7in elektronik beyan zorunlu hale gelmi\u015ftir.<\/h5><h5>\u00a0<\/h5>\t\t\t\t\t\t<\/div>\n\t\t\t\t<\/div>\n\t\t\t\t\t<\/div>\n\t\t<\/div>\n\t\t\t\t\t<\/div>\n\t\t<\/section>\n\t\t\t\t\t<\/div>\n\t\t<\/div>\n\t\t\t\t\t<\/div>\n\t\t<\/section>\n\t\t\t\t<section class=\"elementor-section elementor-top-section elementor-element elementor-element-c904f48 elementor-section-stretched elementor-section-boxed elementor-section-height-default elementor-section-height-default\" data-id=\"c904f48\" data-element_type=\"section\" data-settings=\"{&quot;stretch_section&quot;:&quot;section-stretched&quot;,&quot;background_background&quot;:&quot;classic&quot;}\">\n\t\t\t\t\t\t<div class=\"elementor-container elementor-column-gap-no\">\n\t\t\t\t\t<div class=\"elementor-column elementor-col-100 elementor-top-column elementor-element elementor-element-6c91197\" data-id=\"6c91197\" data-element_type=\"column\" data-settings=\"{&quot;background_background&quot;:&quot;gradient&quot;}\">\n\t\t\t<div class=\"elementor-widget-wrap elementor-element-populated\">\n\t\t\t\t\t\t<section class=\"elementor-section elementor-inner-section elementor-element elementor-element-e31b208 elementor-section-content-middle elementor-section-boxed elementor-section-height-default elementor-section-height-default\" data-id=\"e31b208\" data-element_type=\"section\" data-settings=\"{&quot;background_background&quot;:&quot;classic&quot;}\">\n\t\t\t\t\t\t<div class=\"elementor-container elementor-column-gap-default\">\n\t\t\t\t\t<div class=\"elementor-column elementor-col-100 elementor-inner-column elementor-element elementor-element-e5afe0d\" data-id=\"e5afe0d\" data-element_type=\"column\">\n\t\t\t<div class=\"elementor-widget-wrap elementor-element-populated\">\n\t\t\t\t\t\t<div class=\"elementor-element elementor-element-60d6b0c contact-banner elementor-widget elementor-widget-heading\" data-id=\"60d6b0c\" data-element_type=\"widget\" data-widget_type=\"heading.default\">\n\t\t\t\t<div class=\"elementor-widget-container\">\n\t\t\t<style>\/*! elementor - v3.23.0 - 23-07-2024 *\/\n.elementor-heading-title{padding:0;margin:0;line-height:1}.elementor-widget-heading .elementor-heading-title[class*=elementor-size-]>a{color:inherit;font-size:inherit;line-height:inherit}.elementor-widget-heading .elementor-heading-title.elementor-size-small{font-size:15px}.elementor-widget-heading .elementor-heading-title.elementor-size-medium{font-size:19px}.elementor-widget-heading .elementor-heading-title.elementor-size-large{font-size:29px}.elementor-widget-heading .elementor-heading-title.elementor-size-xl{font-size:39px}.elementor-widget-heading .elementor-heading-title.elementor-size-xxl{font-size:59px}<\/style><h2 class=\"elementor-heading-title elementor-size-default\">Daha fazla bilgi veya a\u00e7\u0131klama i\u00e7in bizimle ileti\u015fime ge\u00e7mekten \u00e7ekinmeyin<\/h2>\t\t<\/div>\n\t\t\t\t<\/div>\n\t\t\t\t<div class=\"elementor-element elementor-element-c182c68 elementor-align-center elementor-mobile-align-left elementor-tablet-align-left elementor-widget elementor-widget-button\" data-id=\"c182c68\" data-element_type=\"widget\" data-widget_type=\"button.default\">\n\t\t\t\t<div class=\"elementor-widget-container\">\n\t\t\t\t\t<div class=\"elementor-button-wrapper\">\n\t\t\t<a class=\"elementor-button elementor-button-link elementor-size-xs\" href=\"\/tr\/iletisim\/\">\n\t\t\t\t\t\t<span class=\"elementor-button-content-wrapper\">\n\t\t\t\t\t\t\t\t\t<span class=\"elementor-button-text\">\u0130leti\u015fim<\/span>\n\t\t\t\t\t<\/span>\n\t\t\t\t\t<\/a>\n\t\t<\/div>\n\t\t\t\t<\/div>\n\t\t\t\t<\/div>\n\t\t\t\t\t<\/div>\n\t\t<\/div>\n\t\t\t\t\t<\/div>\n\t\t<\/section>\n\t\t\t\t\t<\/div>\n\t\t<\/div>\n\t\t\t\t\t<\/div>\n\t\t<\/section>\n\t\t\t\t<\/div>\n\t\t","protected":false},"excerpt":{"rendered":"<p>Gelir Vergisi Beyannamesi (E1, E2) Gelir vergisi beyannamesi, bir meslek icra etmeyen ger\u00e7ek ki\u015filerin elektronik beyannamesi olup, y\u0131ll\u0131k olarak doldurulur ve yetkili vergi makamlar\u0131na sunulur. Bu<span class=\"excerpt-hellip\"> [\u2026]<\/span><\/p>\n","protected":false},"author":1,"featured_media":0,"parent":1999,"menu_order":0,"comment_status":"closed","ping_status":"closed","template":"","meta":{"footnotes":""},"class_list":["post-1952","page","type-page","status-publish","hentry"],"yoast_head":"<!-- This site is optimized with the Yoast SEO plugin v24.1 - https:\/\/yoast.com\/wordpress\/plugins\/seo\/ -->\n<title>Gelir Vergisi Beyannamesi (E1, E2) - KM Services<\/title>\n<meta name=\"description\" content=\"Gelir Vergisi Beyannamelerinin (E1, E2) Yetkili Vergi Dairelerine (I.R.S.) elektronik ortamda sunulmas\u0131 i\u015flemlerini ger\u00e7ekle\u015ftiriyoruz\" \/>\n<meta name=\"robots\" content=\"index, follow, max-snippet:-1, max-image-preview:large, max-video-preview:-1\" \/>\n<link rel=\"canonical\" href=\"https:\/\/kmservices.gr\/tr\/hizmettler\/sahislar-icin\/gelir-vergisi-beyannamesi-e1-e2\/\" \/>\n<meta property=\"og:locale\" content=\"tr_TR\" \/>\n<meta property=\"og:type\" content=\"article\" \/>\n<meta property=\"og:title\" content=\"Gelir Vergisi Beyannamesi (E1, E2) - KM Services\" \/>\n<meta property=\"og:description\" content=\"Gelir Vergisi Beyannamelerinin (E1, E2) Yetkili Vergi Dairelerine (I.R.S.) elektronik ortamda sunulmas\u0131 i\u015flemlerini ger\u00e7ekle\u015ftiriyoruz\" \/>\n<meta property=\"og:url\" content=\"https:\/\/kmservices.gr\/tr\/hizmettler\/sahislar-icin\/gelir-vergisi-beyannamesi-e1-e2\/\" \/>\n<meta property=\"og:site_name\" content=\"KM Services\" \/>\n<meta property=\"article:publisher\" content=\"https:\/\/www.facebook.com\/KMServicesAccountingConsulting\/\" \/>\n<meta property=\"article:modified_time\" content=\"2023-04-06T11:52:25+00:00\" \/>\n<meta property=\"og:image\" content=\"https:\/\/kmservices.gr\/wp-content\/uploads\/2023\/02\/Opengraph-Twittercard-Image.png\" \/>\n\t<meta property=\"og:image:width\" content=\"1209\" \/>\n\t<meta property=\"og:image:height\" content=\"598\" \/>\n\t<meta property=\"og:image:type\" content=\"image\/png\" \/>\n<meta name=\"twitter:card\" content=\"summary_large_image\" \/>\n<meta name=\"twitter:title\" content=\"Gelir Vergisi Beyannamesi (E1, E2) - KM Services\" \/>\n<meta name=\"twitter:description\" content=\"Gelir Vergisi Beyannamelerinin (E1, E2) Yetkili Vergi Dairelerine (I.R.S.) elektronik ortamda sunulmas\u0131 i\u015flemlerini ger\u00e7ekle\u015ftiriyoruz\" \/>\n<meta name=\"twitter:image\" content=\"https:\/\/kmservices.gr\/wp-content\/uploads\/2023\/02\/Opengraph-Twittercard-Image.png\" \/>\n<meta name=\"twitter:site\" content=\"@kmservicesgr\" \/>\n<meta name=\"twitter:label1\" content=\"Tahmini okuma s\u00fcresi\" \/>\n\t<meta name=\"twitter:data1\" content=\"1 dakika\" \/>\n<script type=\"application\/ld+json\" class=\"yoast-schema-graph\">{\"@context\":\"https:\/\/schema.org\",\"@graph\":[{\"@type\":\"WebPage\",\"@id\":\"https:\/\/kmservices.gr\/tr\/hizmettler\/sahislar-icin\/gelir-vergisi-beyannamesi-e1-e2\/\",\"url\":\"https:\/\/kmservices.gr\/tr\/hizmettler\/sahislar-icin\/gelir-vergisi-beyannamesi-e1-e2\/\",\"name\":\"Gelir Vergisi Beyannamesi (E1, E2) - KM Services\",\"isPartOf\":{\"@id\":\"https:\/\/kmservices.gr\/tr\/#website\"},\"primaryImageOfPage\":{\"@id\":\"https:\/\/kmservices.gr\/tr\/hizmettler\/sahislar-icin\/gelir-vergisi-beyannamesi-e1-e2\/#primaryimage\"},\"image\":{\"@id\":\"https:\/\/kmservices.gr\/tr\/hizmettler\/sahislar-icin\/gelir-vergisi-beyannamesi-e1-e2\/#primaryimage\"},\"thumbnailUrl\":\"https:\/\/kmservices.gr\/wp-content\/uploads\/2020\/05\/finance2-pic2.png\",\"datePublished\":\"2021-01-07T10:58:04+00:00\",\"dateModified\":\"2023-04-06T11:52:25+00:00\",\"description\":\"Gelir Vergisi Beyannamelerinin (E1, E2) Yetkili Vergi Dairelerine (I.R.S.) elektronik ortamda sunulmas\u0131 i\u015flemlerini ger\u00e7ekle\u015ftiriyoruz\",\"breadcrumb\":{\"@id\":\"https:\/\/kmservices.gr\/tr\/hizmettler\/sahislar-icin\/gelir-vergisi-beyannamesi-e1-e2\/#breadcrumb\"},\"inLanguage\":\"tr\",\"potentialAction\":[{\"@type\":\"ReadAction\",\"target\":[\"https:\/\/kmservices.gr\/tr\/hizmettler\/sahislar-icin\/gelir-vergisi-beyannamesi-e1-e2\/\"]}]},{\"@type\":\"ImageObject\",\"inLanguage\":\"tr\",\"@id\":\"https:\/\/kmservices.gr\/tr\/hizmettler\/sahislar-icin\/gelir-vergisi-beyannamesi-e1-e2\/#primaryimage\",\"url\":\"https:\/\/kmservices.gr\/wp-content\/uploads\/2020\/05\/finance2-pic2.png\",\"contentUrl\":\"https:\/\/kmservices.gr\/wp-content\/uploads\/2020\/05\/finance2-pic2.png\"},{\"@type\":\"BreadcrumbList\",\"@id\":\"https:\/\/kmservices.gr\/tr\/hizmettler\/sahislar-icin\/gelir-vergisi-beyannamesi-e1-e2\/#breadcrumb\",\"itemListElement\":[{\"@type\":\"ListItem\",\"position\":1,\"name\":\"\u0391\u03c1\u03c7\u03b9\u03ba\u03ae\",\"item\":\"https:\/\/kmservices.gr\/tr\/\"},{\"@type\":\"ListItem\",\"position\":2,\"name\":\"Hizmettler\",\"item\":\"https:\/\/kmservices.gr\/tr\/ypiresies\/\"},{\"@type\":\"ListItem\",\"position\":3,\"name\":\"\u015eah\u0131slar i\u00e7in\",\"item\":\"https:\/\/kmservices.gr\/tr\/ypiresies\/gia-idiotes\/\"},{\"@type\":\"ListItem\",\"position\":4,\"name\":\"Gelir Vergisi Beyannamesi (E1, E2)\"}]},{\"@type\":\"WebSite\",\"@id\":\"https:\/\/kmservices.gr\/tr\/#website\",\"url\":\"https:\/\/kmservices.gr\/tr\/\",\"name\":\"KM Services Accounting & Consulting\",\"description\":\"Accounting &amp; Consulting Services\",\"publisher\":{\"@id\":\"https:\/\/kmservices.gr\/tr\/#organization\"},\"potentialAction\":[{\"@type\":\"SearchAction\",\"target\":{\"@type\":\"EntryPoint\",\"urlTemplate\":\"https:\/\/kmservices.gr\/tr\/?s={search_term_string}\"},\"query-input\":{\"@type\":\"PropertyValueSpecification\",\"valueRequired\":true,\"valueName\":\"search_term_string\"}}],\"inLanguage\":\"tr\"},{\"@type\":\"Organization\",\"@id\":\"https:\/\/kmservices.gr\/tr\/#organization\",\"name\":\"KM Services Accounting & Consulting\",\"url\":\"https:\/\/kmservices.gr\/tr\/\",\"logo\":{\"@type\":\"ImageObject\",\"inLanguage\":\"tr\",\"@id\":\"https:\/\/kmservices.gr\/tr\/#\/schema\/logo\/image\/\",\"url\":\"https:\/\/kmservices.gr\/wp-content\/uploads\/2023\/04\/footer-logo.png\",\"contentUrl\":\"https:\/\/kmservices.gr\/wp-content\/uploads\/2023\/04\/footer-logo.png\",\"width\":1380,\"height\":694,\"caption\":\"KM Services Accounting & Consulting\"},\"image\":{\"@id\":\"https:\/\/kmservices.gr\/tr\/#\/schema\/logo\/image\/\"},\"sameAs\":[\"https:\/\/www.facebook.com\/KMServicesAccountingConsulting\/\",\"https:\/\/x.com\/kmservicesgr\",\"https:\/\/www.instagram.com\/kmservicesaccounting\/\",\"https:\/\/www.linkedin.com\/company\/km-services-accounting-&amp;-consulting\/\"]}]}<\/script>\n<!-- \/ Yoast SEO plugin. -->","yoast_head_json":{"title":"Gelir Vergisi Beyannamesi (E1, E2) - KM Services","description":"Gelir Vergisi Beyannamelerinin (E1, E2) Yetkili Vergi Dairelerine (I.R.S.) elektronik ortamda sunulmas\u0131 i\u015flemlerini ger\u00e7ekle\u015ftiriyoruz","robots":{"index":"index","follow":"follow","max-snippet":"max-snippet:-1","max-image-preview":"max-image-preview:large","max-video-preview":"max-video-preview:-1"},"canonical":"https:\/\/kmservices.gr\/tr\/hizmettler\/sahislar-icin\/gelir-vergisi-beyannamesi-e1-e2\/","og_locale":"tr_TR","og_type":"article","og_title":"Gelir Vergisi Beyannamesi (E1, E2) - KM Services","og_description":"Gelir Vergisi Beyannamelerinin (E1, E2) Yetkili Vergi Dairelerine (I.R.S.) elektronik ortamda sunulmas\u0131 i\u015flemlerini ger\u00e7ekle\u015ftiriyoruz","og_url":"https:\/\/kmservices.gr\/tr\/hizmettler\/sahislar-icin\/gelir-vergisi-beyannamesi-e1-e2\/","og_site_name":"KM Services","article_publisher":"https:\/\/www.facebook.com\/KMServicesAccountingConsulting\/","article_modified_time":"2023-04-06T11:52:25+00:00","og_image":[{"width":1209,"height":598,"url":"https:\/\/kmservices.gr\/wp-content\/uploads\/2023\/02\/Opengraph-Twittercard-Image.png","type":"image\/png"}],"twitter_card":"summary_large_image","twitter_title":"Gelir Vergisi Beyannamesi (E1, E2) - KM Services","twitter_description":"Gelir Vergisi Beyannamelerinin (E1, E2) Yetkili Vergi Dairelerine (I.R.S.) elektronik ortamda sunulmas\u0131 i\u015flemlerini ger\u00e7ekle\u015ftiriyoruz","twitter_image":"https:\/\/kmservices.gr\/wp-content\/uploads\/2023\/02\/Opengraph-Twittercard-Image.png","twitter_site":"@kmservicesgr","twitter_misc":{"Tahmini okuma s\u00fcresi":"1 dakika"},"schema":{"@context":"https:\/\/schema.org","@graph":[{"@type":"WebPage","@id":"https:\/\/kmservices.gr\/tr\/hizmettler\/sahislar-icin\/gelir-vergisi-beyannamesi-e1-e2\/","url":"https:\/\/kmservices.gr\/tr\/hizmettler\/sahislar-icin\/gelir-vergisi-beyannamesi-e1-e2\/","name":"Gelir Vergisi Beyannamesi (E1, E2) - KM Services","isPartOf":{"@id":"https:\/\/kmservices.gr\/tr\/#website"},"primaryImageOfPage":{"@id":"https:\/\/kmservices.gr\/tr\/hizmettler\/sahislar-icin\/gelir-vergisi-beyannamesi-e1-e2\/#primaryimage"},"image":{"@id":"https:\/\/kmservices.gr\/tr\/hizmettler\/sahislar-icin\/gelir-vergisi-beyannamesi-e1-e2\/#primaryimage"},"thumbnailUrl":"https:\/\/kmservices.gr\/wp-content\/uploads\/2020\/05\/finance2-pic2.png","datePublished":"2021-01-07T10:58:04+00:00","dateModified":"2023-04-06T11:52:25+00:00","description":"Gelir Vergisi Beyannamelerinin (E1, E2) Yetkili Vergi Dairelerine (I.R.S.) elektronik ortamda sunulmas\u0131 i\u015flemlerini ger\u00e7ekle\u015ftiriyoruz","breadcrumb":{"@id":"https:\/\/kmservices.gr\/tr\/hizmettler\/sahislar-icin\/gelir-vergisi-beyannamesi-e1-e2\/#breadcrumb"},"inLanguage":"tr","potentialAction":[{"@type":"ReadAction","target":["https:\/\/kmservices.gr\/tr\/hizmettler\/sahislar-icin\/gelir-vergisi-beyannamesi-e1-e2\/"]}]},{"@type":"ImageObject","inLanguage":"tr","@id":"https:\/\/kmservices.gr\/tr\/hizmettler\/sahislar-icin\/gelir-vergisi-beyannamesi-e1-e2\/#primaryimage","url":"https:\/\/kmservices.gr\/wp-content\/uploads\/2020\/05\/finance2-pic2.png","contentUrl":"https:\/\/kmservices.gr\/wp-content\/uploads\/2020\/05\/finance2-pic2.png"},{"@type":"BreadcrumbList","@id":"https:\/\/kmservices.gr\/tr\/hizmettler\/sahislar-icin\/gelir-vergisi-beyannamesi-e1-e2\/#breadcrumb","itemListElement":[{"@type":"ListItem","position":1,"name":"\u0391\u03c1\u03c7\u03b9\u03ba\u03ae","item":"https:\/\/kmservices.gr\/tr\/"},{"@type":"ListItem","position":2,"name":"Hizmettler","item":"https:\/\/kmservices.gr\/tr\/ypiresies\/"},{"@type":"ListItem","position":3,"name":"\u015eah\u0131slar i\u00e7in","item":"https:\/\/kmservices.gr\/tr\/ypiresies\/gia-idiotes\/"},{"@type":"ListItem","position":4,"name":"Gelir Vergisi Beyannamesi (E1, E2)"}]},{"@type":"WebSite","@id":"https:\/\/kmservices.gr\/tr\/#website","url":"https:\/\/kmservices.gr\/tr\/","name":"KM Services Accounting & Consulting","description":"Accounting &amp; Consulting Services","publisher":{"@id":"https:\/\/kmservices.gr\/tr\/#organization"},"potentialAction":[{"@type":"SearchAction","target":{"@type":"EntryPoint","urlTemplate":"https:\/\/kmservices.gr\/tr\/?s={search_term_string}"},"query-input":{"@type":"PropertyValueSpecification","valueRequired":true,"valueName":"search_term_string"}}],"inLanguage":"tr"},{"@type":"Organization","@id":"https:\/\/kmservices.gr\/tr\/#organization","name":"KM Services Accounting & Consulting","url":"https:\/\/kmservices.gr\/tr\/","logo":{"@type":"ImageObject","inLanguage":"tr","@id":"https:\/\/kmservices.gr\/tr\/#\/schema\/logo\/image\/","url":"https:\/\/kmservices.gr\/wp-content\/uploads\/2023\/04\/footer-logo.png","contentUrl":"https:\/\/kmservices.gr\/wp-content\/uploads\/2023\/04\/footer-logo.png","width":1380,"height":694,"caption":"KM Services Accounting & Consulting"},"image":{"@id":"https:\/\/kmservices.gr\/tr\/#\/schema\/logo\/image\/"},"sameAs":["https:\/\/www.facebook.com\/KMServicesAccountingConsulting\/","https:\/\/x.com\/kmservicesgr","https:\/\/www.instagram.com\/kmservicesaccounting\/","https:\/\/www.linkedin.com\/company\/km-services-accounting-&amp;-consulting\/"]}]}},"_links":{"self":[{"href":"https:\/\/kmservices.gr\/tr\/wp-json\/wp\/v2\/pages\/1952"}],"collection":[{"href":"https:\/\/kmservices.gr\/tr\/wp-json\/wp\/v2\/pages"}],"about":[{"href":"https:\/\/kmservices.gr\/tr\/wp-json\/wp\/v2\/types\/page"}],"author":[{"embeddable":true,"href":"https:\/\/kmservices.gr\/tr\/wp-json\/wp\/v2\/users\/1"}],"replies":[{"embeddable":true,"href":"https:\/\/kmservices.gr\/tr\/wp-json\/wp\/v2\/comments?post=1952"}],"version-history":[{"count":0,"href":"https:\/\/kmservices.gr\/tr\/wp-json\/wp\/v2\/pages\/1952\/revisions"}],"up":[{"embeddable":true,"href":"https:\/\/kmservices.gr\/tr\/wp-json\/wp\/v2\/pages\/1999"}],"wp:attachment":[{"href":"https:\/\/kmservices.gr\/tr\/wp-json\/wp\/v2\/media?parent=1952"}],"curies":[{"name":"wp","href":"https:\/\/api.w.org\/{rel}","templated":true}]}}